{"id":1128,"date":"2016-05-30T18:38:50","date_gmt":"2016-05-30T18:38:50","guid":{"rendered":"http:\/\/nevadabenefits.com\/?page_id=211"},"modified":"2025-10-27T19:49:46","modified_gmt":"2025-10-28T02:49:46","slug":"life-insurance","status":"publish","type":"page","link":"https:\/\/nevadabenefits.com\/es\/life-insurance\/","title":{"rendered":"Seguro de vida"},"content":{"rendered":"<div data-elementor-type=\"wp-page\" data-elementor-id=\"1128\" class=\"elementor elementor-1128\" data-elementor-post-type=\"page\">\n\t\t\t\t<div class=\"elementor-element elementor-element-bf563c8 elementor-hidden-tablet elementor-hidden-mobile e-flex e-con-boxed elementor-invisible e-con e-parent\" data-id=\"bf563c8\" data-element_type=\"container\" data-e-type=\"container\" data-settings=\"{&quot;background_background&quot;:&quot;classic&quot;,&quot;animation&quot;:&quot;fadeInRight&quot;}\">\n\t\t\t\t\t<div class=\"e-con-inner\">\n\t\t\t\t\t<\/div>\n\t\t\t\t<\/div>\n\t\t<div class=\"elementor-element elementor-element-5c8a50be e-flex e-con-boxed e-con e-parent\" data-id=\"5c8a50be\" data-element_type=\"container\" data-e-type=\"container\">\n\t\t\t\t\t<div class=\"e-con-inner\">\n\t\t\t\t<div class=\"elementor-element elementor-element-4da3b923 elementor-invisible elementor-widget elementor-widget-heading\" data-id=\"4da3b923\" data-element_type=\"widget\" data-e-type=\"widget\" data-settings=\"{&quot;_animation&quot;:&quot;fadeInRight&quot;,&quot;_animation_delay&quot;:500}\" data-widget_type=\"heading.default\">\n\t\t\t\t\t<h2 class=\"elementor-heading-title elementor-size-default\">\ud83e\uddfe Proteja lo que m\u00e1s le importa con un seguro de vida en Las Vegas y Reno<\/h2>\t\t\t\t<\/div>\n\t\t\t\t<div class=\"elementor-element elementor-element-4d40e081 elementor-invisible elementor-widget elementor-widget-text-editor\" data-id=\"4d40e081\" data-element_type=\"widget\" data-e-type=\"widget\" data-settings=\"{&quot;_animation&quot;:&quot;fadeInRight&quot;,&quot;_animation_delay&quot;:600}\" data-widget_type=\"text-editor.default\">\n\t\t\t\t\t\t\t\t\t<p data-start=\"264\" data-end=\"379\">Cobertura asequible. Tranquilidad absoluta. Ayude a su familia a mantener la estabilidad durante los momentos m\u00e1s inciertos de la vida. El seguro de vida no se trata solo de dinero: se trata de protecci\u00f3n, dignidad y un legado. Ya sea que est\u00e9 formando una familia, pagando una hipoteca o prepar\u00e1ndose para lo inesperado, Nevada Benefits le ayuda a encontrar la cobertura ideal que se ajuste a su presupuesto, su etapa de la vida y sus metas.<\/p><p data-start=\"662\" data-end=\"806\">Le facilitamos la comprensi\u00f3n de sus opciones, la comparaci\u00f3n de cotizaciones de proveedores mejor calificados y la obtenci\u00f3n de cobertura r\u00e1pidamente, todo con asistencia local y personal.<\/p>\t\t\t\t\t\t\t\t<\/div>\n\t\t\t\t\t<\/div>\n\t\t\t\t<\/div>\n\t\t<div class=\"elementor-element elementor-element-7e9cb299 e-flex e-con-boxed elementor-invisible e-con e-parent\" data-id=\"7e9cb299\" data-element_type=\"container\" data-e-type=\"container\" data-settings=\"{&quot;animation&quot;:&quot;fadeInRight&quot;,&quot;animation_delay&quot;:900}\">\n\t\t\t\t\t<div class=\"e-con-inner\">\n\t\t<div class=\"elementor-element elementor-element-27da3bf3 e-con-full e-flex e-con e-child\" data-id=\"27da3bf3\" data-element_type=\"container\" data-e-type=\"container\">\n\t\t\t\t<div class=\"elementor-element elementor-element-3b93b78c elementor-widget elementor-widget-heading\" data-id=\"3b93b78c\" data-element_type=\"widget\" data-e-type=\"widget\" data-widget_type=\"heading.default\">\n\t\t\t\t\t<h2 class=\"elementor-heading-title elementor-size-default\">\u2705 Servicios incluidos\n<\/h2>\t\t\t\t<\/div>\n\t\t\t\t<div class=\"elementor-element elementor-element-76731ef elementor-widget elementor-widget-text-editor\" data-id=\"76731ef\" data-element_type=\"widget\" data-e-type=\"widget\" data-widget_type=\"text-editor.default\">\n\t\t\t\t\t\t\t\t\t<p data-start=\"1277\" data-end=\"1569\">Nuestro equipo ayuda a personas y familias en Nevada a encontrar y administrar p\u00f3lizas de seguro de vida que realmente protejan lo que importa.<\/p>\t\t\t\t\t\t\t\t<\/div>\n\t\t\t\t<div class=\"elementor-element elementor-element-451b1922 elementor-align-start elementor-icon-list--layout-traditional elementor-list-item-link-full_width elementor-widget elementor-widget-icon-list\" data-id=\"451b1922\" data-element_type=\"widget\" data-e-type=\"widget\" data-widget_type=\"icon-list.default\">\n\t\t\t\t\t\t\t<ul class=\"elementor-icon-list-items\">\n\t\t\t\t\t\t\t<li class=\"elementor-icon-list-item\">\n\t\t\t\t\t\t\t\t\t\t<span class=\"elementor-icon-list-text\">Seguro de vida a t\u00e9rmino<\/span>\n\t\t\t\t\t\t\t\t\t<\/li>\n\t\t\t\t\t\t\t\t<li class=\"elementor-icon-list-item\">\n\t\t\t\t\t\t\t\t\t\t<span class=\"elementor-icon-list-text\">\u267e\ufe0f Whole Life &amp; Universal Life<\/span>\n\t\t\t\t\t\t\t\t\t<\/li>\n\t\t\t\t\t\t\t\t<li class=\"elementor-icon-list-item\">\n\t\t\t\t\t\t\t\t\t\t<span class=\"elementor-icon-list-text\">\ud83d\udc68\u200d\ud83d\udc69\u200d\ud83d\udc67\u200d\ud83d\udc66 Planes de Protecci\u00f3n Familiar<\/span>\n\t\t\t\t\t\t\t\t\t<\/li>\n\t\t\t\t\t\t\t\t<li class=\"elementor-icon-list-item\">\n\t\t\t\t\t\t\t\t\t\t<span class=\"elementor-icon-list-text\">\ud83d\udcc9 Policy Rate Comparison &amp; Savings Checks<\/span>\n\t\t\t\t\t\t\t\t\t<\/li>\n\t\t\t\t\t\t\t\t<li class=\"elementor-icon-list-item\">\n\t\t\t\t\t\t\t\t\t\t<span class=\"elementor-icon-list-text\">\ud83e\uddfe Online Quotes &amp; Fast Application Support<\/span>\n\t\t\t\t\t\t\t\t\t<\/li>\n\t\t\t\t\t\t\t\t<li class=\"elementor-icon-list-item\">\n\t\t\t\t\t\t\t\t\t\t<span class=\"elementor-icon-list-text\">\ud83e\udd1d Claims Assistance &amp; Ongoing Policy Reviews<\/span>\n\t\t\t\t\t\t\t\t\t<\/li>\n\t\t\t\t\t\t\t\t<li class=\"elementor-icon-list-item\">\n\t\t\t\t\t\t\t\t\t\t<span class=\"elementor-icon-list-text\">Ya sea que est\u00e9 comenzando de nuevo o reevaluando su p\u00f3liza actual, estamos aqu\u00ed para ayudarlo a obtener la mejor cobertura a la mejor tarifa.<\/span>\n\t\t\t\t\t\t\t\t\t<\/li>\n\t\t\t\t\t\t<\/ul>\n\t\t\t\t\t\t<\/div>\n\t\t\t\t<\/div>\n\t\t<div class=\"elementor-element elementor-element-7921a6d2 e-con-full e-flex e-con e-child\" data-id=\"7921a6d2\" data-element_type=\"container\" data-e-type=\"container\">\n\t\t\t\t<div class=\"elementor-element elementor-element-273aa3f9 elementor-widget elementor-widget-heading\" data-id=\"273aa3f9\" data-element_type=\"widget\" data-e-type=\"widget\" data-widget_type=\"heading.default\">\n\t\t\t\t\t<h2 class=\"elementor-heading-title elementor-size-default\">\ud83d\udca1 El verdadero desaf\u00edo para los empleadores<\/h2>\t\t\t\t<\/div>\n\t\t\t\t<div class=\"elementor-element elementor-element-2b08ff88 elementor-widget elementor-widget-text-editor\" data-id=\"2b08ff88\" data-element_type=\"widget\" data-e-type=\"widget\" data-widget_type=\"text-editor.default\">\n\t\t\t\t\t\t\t\t\t<p data-start=\"1380\" data-end=\"1485\">El seguro de vida es una de las decisiones financieras que las personas toman con mayor demora y, a menudo, la m\u00e1s importante.<\/p>\t\t\t\t\t\t\t\t<\/div>\n\t\t\t\t<div class=\"elementor-element elementor-element-2772f85 elementor-align-start elementor-icon-list--layout-traditional elementor-list-item-link-full_width elementor-widget elementor-widget-icon-list\" data-id=\"2772f85\" data-element_type=\"widget\" data-e-type=\"widget\" data-widget_type=\"icon-list.default\">\n\t\t\t\t\t\t\t<ul class=\"elementor-icon-list-items\">\n\t\t\t\t\t\t\t<li class=\"elementor-icon-list-item\">\n\t\t\t\t\t\t\t\t\t\t<span class=\"elementor-icon-list-text\">\ud83d\udcc9 El 30% de los hogares estadounidenses no tienen ning\u00fan seguro de vida<\/span>\n\t\t\t\t\t\t\t\t\t<\/li>\n\t\t\t\t\t\t\t\t<li class=\"elementor-icon-list-item\">\n\t\t\t\t\t\t\t\t\t\t<span class=\"elementor-icon-list-text\">\ud83d\udc76 70% de familias con ni\u00f1os menores de 18 a\u00f1os enfrentar\u00edan dificultades financieras si falleciera un asalariado<\/span>\n\t\t\t\t\t\t\t\t\t<\/li>\n\t\t\t\t\t\t\t\t<li class=\"elementor-icon-list-item\">\n\t\t\t\t\t\t\t\t\t\t<span class=\"elementor-icon-list-text\">\ud83d\udcca Muchos dependen \u00fanicamente del seguro de vida grupal basado en el trabajo, que puede desaparecer con la p\u00e9rdida del trabajo o la reducci\u00f3n de horas.<\/span>\n\t\t\t\t\t\t\t\t\t<\/li>\n\t\t\t\t\t\t<\/ul>\n\t\t\t\t\t\t<\/div>\n\t\t\t\t<\/div>\n\t\t\t\t\t<\/div>\n\t\t\t\t<\/div>\n\t\t<div class=\"elementor-element elementor-element-1eb8f0e3 e-flex e-con-boxed e-con e-parent\" data-id=\"1eb8f0e3\" data-element_type=\"container\" data-e-type=\"container\">\n\t\t\t\t\t<div class=\"e-con-inner\">\n\t\t\t\t<div class=\"elementor-element elementor-element-11130d82 elementor-invisible elementor-widget elementor-widget-heading\" data-id=\"11130d82\" data-element_type=\"widget\" data-e-type=\"widget\" data-settings=\"{&quot;_animation&quot;:&quot;fadeInRight&quot;,&quot;_animation_delay&quot;:500}\" data-widget_type=\"heading.default\">\n\t\t\t\t\t<h2 class=\"elementor-heading-title elementor-size-default\">\u2699\ufe0f C\u00f3mo Nevada Benefits simplifica el seguro de vida\n<\/h2>\t\t\t\t<\/div>\n\t\t<div class=\"elementor-element elementor-element-5c171439 e-con-full e-flex e-con e-child\" data-id=\"5c171439\" data-element_type=\"container\" data-e-type=\"container\" data-settings=\"{&quot;background_background&quot;:&quot;classic&quot;}\">\n\t\t<div class=\"elementor-element elementor-element-63f30c8 e-con-full e-transform e-flex elementor-invisible e-con e-child\" data-id=\"63f30c8\" data-element_type=\"container\" data-e-type=\"container\" data-settings=\"{&quot;animation&quot;:&quot;fadeInLeft&quot;,&quot;animation_delay&quot;:700,&quot;_transform_translateY_effect_hover&quot;:{&quot;unit&quot;:&quot;px&quot;,&quot;size&quot;:7,&quot;sizes&quot;:[]},&quot;_transform_translateX_effect_hover&quot;:{&quot;unit&quot;:&quot;px&quot;,&quot;size&quot;:&quot;&quot;,&quot;sizes&quot;:[]},&quot;_transform_translateX_effect_hover_tablet&quot;:{&quot;unit&quot;:&quot;px&quot;,&quot;size&quot;:&quot;&quot;,&quot;sizes&quot;:[]},&quot;_transform_translateX_effect_hover_mobile&quot;:{&quot;unit&quot;:&quot;px&quot;,&quot;size&quot;:&quot;&quot;,&quot;sizes&quot;:[]},&quot;_transform_translateY_effect_hover_tablet&quot;:{&quot;unit&quot;:&quot;px&quot;,&quot;size&quot;:&quot;&quot;,&quot;sizes&quot;:[]},&quot;_transform_translateY_effect_hover_mobile&quot;:{&quot;unit&quot;:&quot;px&quot;,&quot;size&quot;:&quot;&quot;,&quot;sizes&quot;:[]}}\">\n\t\t\t\t<div class=\"elementor-element elementor-element-adc90b6 elementor-widget elementor-widget-image\" data-id=\"adc90b6\" data-element_type=\"widget\" data-e-type=\"widget\" data-widget_type=\"image.default\">\n\t\t\t\t\t\t\t\t\t\t\t\t\t\t\t<img fetchpriority=\"high\" decoding=\"async\" width=\"500\" height=\"500\" src=\"https:\/\/nevadabenefits.com\/wp-content\/uploads\/2025\/07\/Nevada-Benefits-agents-helping-a-client-2.png\" class=\"attachment-large size-large wp-image-5877\" alt=\"\" srcset=\"https:\/\/nevadabenefits.com\/wp-content\/uploads\/2025\/07\/Nevada-Benefits-agents-helping-a-client-2.png 500w, https:\/\/nevadabenefits.com\/wp-content\/uploads\/2025\/07\/Nevada-Benefits-agents-helping-a-client-2-300x300.png 300w, https:\/\/nevadabenefits.com\/wp-content\/uploads\/2025\/07\/Nevada-Benefits-agents-helping-a-client-2-150x150.png 150w\" sizes=\"(max-width: 500px) 100vw, 500px\" title=\"\">\t\t\t\t\t\t\t\t\t\t\t\t\t\t\t<\/div>\n\t\t\t\t<div class=\"elementor-element elementor-element-751e4e93 elementor-widget elementor-widget-heading\" data-id=\"751e4e93\" data-element_type=\"widget\" data-e-type=\"widget\" data-widget_type=\"heading.default\">\n\t\t\t\t\t<h2 class=\"elementor-heading-title elementor-size-default\">Coincidencia de p\u00f3lizas personalizada<\/h2>\t\t\t\t<\/div>\n\t\t\t\t<div class=\"elementor-element elementor-element-66692066 elementor-widget elementor-widget-text-editor\" data-id=\"66692066\" data-element_type=\"widget\" data-e-type=\"widget\" data-widget_type=\"text-editor.default\">\n\t\t\t\t\t\t\t\t\t<p data-start=\"2050\" data-end=\"2236\">Le ayudamos a determinar exactamente cu\u00e1nta cobertura necesita, ni m\u00e1s ni menos. Desde la sustituci\u00f3n de ingresos hasta la cobertura de deudas y la educaci\u00f3n de sus hijos, su plan se adapta a su vida real.<\/p><h3 data-start=\"2238\" data-end=\"2281\">\u00a0<\/h3>\t\t\t\t\t\t\t\t<\/div>\n\t\t\t\t<\/div>\n\t\t<div class=\"elementor-element elementor-element-39eeff0e e-con-full e-transform e-transform e-flex elementor-invisible e-con e-child\" data-id=\"39eeff0e\" data-element_type=\"container\" data-e-type=\"container\" data-settings=\"{&quot;animation&quot;:&quot;fadeInLeft&quot;,&quot;animation_delay&quot;:900,&quot;_transform_translateY_effect_hover&quot;:{&quot;unit&quot;:&quot;px&quot;,&quot;size&quot;:20,&quot;sizes&quot;:[]},&quot;_transform_translateX_effect&quot;:{&quot;unit&quot;:&quot;px&quot;,&quot;size&quot;:&quot;&quot;,&quot;sizes&quot;:[]},&quot;_transform_translateX_effect_tablet&quot;:{&quot;unit&quot;:&quot;px&quot;,&quot;size&quot;:&quot;&quot;,&quot;sizes&quot;:[]},&quot;_transform_translateX_effect_mobile&quot;:{&quot;unit&quot;:&quot;px&quot;,&quot;size&quot;:&quot;&quot;,&quot;sizes&quot;:[]},&quot;_transform_translateY_effect&quot;:{&quot;unit&quot;:&quot;px&quot;,&quot;size&quot;:&quot;&quot;,&quot;sizes&quot;:[]},&quot;_transform_translateY_effect_tablet&quot;:{&quot;unit&quot;:&quot;px&quot;,&quot;size&quot;:&quot;&quot;,&quot;sizes&quot;:[]},&quot;_transform_translateY_effect_mobile&quot;:{&quot;unit&quot;:&quot;px&quot;,&quot;size&quot;:&quot;&quot;,&quot;sizes&quot;:[]},&quot;_transform_translateX_effect_hover&quot;:{&quot;unit&quot;:&quot;px&quot;,&quot;size&quot;:&quot;&quot;,&quot;sizes&quot;:[]},&quot;_transform_translateX_effect_hover_tablet&quot;:{&quot;unit&quot;:&quot;px&quot;,&quot;size&quot;:&quot;&quot;,&quot;sizes&quot;:[]},&quot;_transform_translateX_effect_hover_mobile&quot;:{&quot;unit&quot;:&quot;px&quot;,&quot;size&quot;:&quot;&quot;,&quot;sizes&quot;:[]},&quot;_transform_translateY_effect_hover_tablet&quot;:{&quot;unit&quot;:&quot;px&quot;,&quot;size&quot;:&quot;&quot;,&quot;sizes&quot;:[]},&quot;_transform_translateY_effect_hover_mobile&quot;:{&quot;unit&quot;:&quot;px&quot;,&quot;size&quot;:&quot;&quot;,&quot;sizes&quot;:[]}}\">\n\t\t\t\t<div class=\"elementor-element elementor-element-3dbd116a elementor-widget elementor-widget-heading\" data-id=\"3dbd116a\" data-element_type=\"widget\" data-e-type=\"widget\" data-widget_type=\"heading.default\">\n\t\t\t\t\t<h2 class=\"elementor-heading-title elementor-size-default\">Comparaci\u00f3n de tarifas entre m\u00e1s de 100 operadores<\/h2>\t\t\t\t<\/div>\n\t\t\t\t<div class=\"elementor-element elementor-element-1092cadd elementor-widget elementor-widget-text-editor\" data-id=\"1092cadd\" data-element_type=\"widget\" data-e-type=\"widget\" data-widget_type=\"text-editor.default\">\n\t\t\t\t\t\t\t\t\t<p data-start=\"1832\" data-end=\"2176\">Las primas pueden variar considerablemente para una misma cobertura. Comparamos planes de las mejores aseguradoras para asegurarnos de que siempre obtengas el mejor precio.<\/p>\t\t\t\t\t\t\t\t<\/div>\n\t\t\t\t<div class=\"elementor-element elementor-element-f097969 elementor-widget elementor-widget-image\" data-id=\"f097969\" data-element_type=\"widget\" data-e-type=\"widget\" data-widget_type=\"image.default\">\n\t\t\t\t\t\t\t\t\t\t\t\t\t\t\t<img decoding=\"async\" width=\"500\" height=\"500\" src=\"https:\/\/nevadabenefits.com\/wp-content\/uploads\/2025\/07\/Couple-looking-at-Nevada-Benefits-Insurance-3.png\" class=\"attachment-large size-large wp-image-5873\" alt=\"\" srcset=\"https:\/\/nevadabenefits.com\/wp-content\/uploads\/2025\/07\/Couple-looking-at-Nevada-Benefits-Insurance-3.png 500w, https:\/\/nevadabenefits.com\/wp-content\/uploads\/2025\/07\/Couple-looking-at-Nevada-Benefits-Insurance-3-300x300.png 300w, https:\/\/nevadabenefits.com\/wp-content\/uploads\/2025\/07\/Couple-looking-at-Nevada-Benefits-Insurance-3-150x150.png 150w\" sizes=\"(max-width: 500px) 100vw, 500px\" title=\"\">\t\t\t\t\t\t\t\t\t\t\t\t\t\t\t<\/div>\n\t\t\t\t<\/div>\n\t\t\t\t<\/div>\n\t\t\t\t\t<\/div>\n\t\t\t\t<\/div>\n\t\t<div class=\"elementor-element elementor-element-2832a9db e-flex e-con-boxed e-con e-parent\" data-id=\"2832a9db\" data-element_type=\"container\" data-e-type=\"container\">\n\t\t\t\t\t<div class=\"e-con-inner\">\n\t\t\t\t<div class=\"elementor-element elementor-element-4f58876e elementor-invisible elementor-widget elementor-widget-heading\" data-id=\"4f58876e\" data-element_type=\"widget\" data-e-type=\"widget\" data-settings=\"{&quot;_animation&quot;:&quot;fadeInRight&quot;,&quot;_animation_delay&quot;:500}\" data-widget_type=\"heading.default\">\n\t\t\t\t\t<h2 class=\"elementor-heading-title elementor-size-default\">\ud83d\udcde Hablemos de c\u00f3mo proteger a tu familia<\/h2>\t\t\t\t<\/div>\n\t\t\t\t<div class=\"elementor-element elementor-element-2e262bc2 elementor-invisible elementor-widget elementor-widget-text-editor\" data-id=\"2e262bc2\" data-element_type=\"widget\" data-e-type=\"widget\" data-settings=\"{&quot;_animation&quot;:&quot;fadeInRight&quot;,&quot;_animation_delay&quot;:600}\" data-widget_type=\"text-editor.default\">\n\t\t\t\t\t\t\t\t\t<p data-start=\"2484\" data-end=\"2702\">La mayor\u00eda de los agentes de seguros de vida venden a nivel nacional y desaparecen despu\u00e9s de la primera venta. En Nevada Benefits, cuenta con el apoyo de un asesor local que comprende su vida y sus objetivos, y lo acompa\u00f1a en cada etapa.<\/p><p data-start=\"2704\" data-end=\"2825\">Ya sea que est\u00e9 presentando su solicitud por primera vez o volviendo a comprar una p\u00f3liza existente, estamos aqu\u00ed para ayudarlo a proteger su futuro.<\/p>\t\t\t\t\t\t\t\t<\/div>\n\t\t\t\t<div class=\"elementor-element elementor-element-1b76f7bd elementor-align-center e-transform elementor-invisible elementor-widget elementor-widget-button\" data-id=\"1b76f7bd\" data-element_type=\"widget\" data-e-type=\"widget\" data-settings=\"{&quot;_animation&quot;:&quot;fadeInRight&quot;,&quot;_animation_delay&quot;:700,&quot;_transform_translateX_effect_hover&quot;:{&quot;unit&quot;:&quot;px&quot;,&quot;size&quot;:10,&quot;sizes&quot;:[]},&quot;_transform_translateY_effect_hover&quot;:{&quot;unit&quot;:&quot;px&quot;,&quot;size&quot;:-10,&quot;sizes&quot;:[]},&quot;_transform_translateX_effect_hover_tablet&quot;:{&quot;unit&quot;:&quot;px&quot;,&quot;size&quot;:&quot;&quot;,&quot;sizes&quot;:[]},&quot;_transform_translateX_effect_hover_mobile&quot;:{&quot;unit&quot;:&quot;px&quot;,&quot;size&quot;:&quot;&quot;,&quot;sizes&quot;:[]},&quot;_transform_translateY_effect_hover_tablet&quot;:{&quot;unit&quot;:&quot;px&quot;,&quot;size&quot;:&quot;&quot;,&quot;sizes&quot;:[]},&quot;_transform_translateY_effect_hover_mobile&quot;:{&quot;unit&quot;:&quot;px&quot;,&quot;size&quot;:&quot;&quot;,&quot;sizes&quot;:[]}}\" data-widget_type=\"button.default\">\n\t\t\t\t\t\t\t\t\t\t<a class=\"elementor-button elementor-button-link elementor-size-sm\" href=\"https:\/\/nevadabenefits.com\/es\/contact\/\">\n\t\t\t\t\t\t<span class=\"elementor-button-content-wrapper\">\n\t\t\t\t\t\t<span class=\"elementor-button-icon\">\n\t\t\t\t<i aria-hidden=\"true\" class=\"jki jki-arrow-up-right-line\"><\/i>\t\t\t<\/span>\n\t\t\t\t\t\t\t\t\t<span class=\"elementor-button-text\">Obtenga su cotizaci\u00f3n de seguro de vida gratis<\/span>\n\t\t\t\t\t<\/span>\n\t\t\t\t\t<\/a>\n\t\t\t\t\t\t\t\t<\/div>\n\t\t\t\t\t<\/div>\n\t\t\t\t<\/div>\n\t\t\t\t<\/div>","protected":false},"excerpt":{"rendered":"<p>\ud83e\uddfe Protect What Matters Most with Life Insurance in Las Vegas &amp; Reno Affordable coverage. Real peace of mind. Help your family maintain stability through life\u2019s most uncertain moments. Life insurance isn\u2019t just about money \u2014 it\u2019s about protection, dignity, and legacy. Whether you\u2019re starting a family, paying off a mortgage, or preparing for the [&hellip;]<\/p>\n","protected":false},"author":18,"featured_media":1338,"parent":0,"menu_order":0,"comment_status":"closed","ping_status":"closed","template":"","meta":{"footnotes":"","_wp_rev_ctl_limit":""},"class_list":["post-1128","page","type-page","status-publish","has-post-thumbnail","hentry"],"_links":{"self":[{"href":"https:\/\/nevadabenefits.com\/es\/wp-json\/wp\/v2\/pages\/1128","targetHints":{"allow":["GET"]}}],"collection":[{"href":"https:\/\/nevadabenefits.com\/es\/wp-json\/wp\/v2\/pages"}],"about":[{"href":"https:\/\/nevadabenefits.com\/es\/wp-json\/wp\/v2\/types\/page"}],"author":[{"embeddable":true,"href":"https:\/\/nevadabenefits.com\/es\/wp-json\/wp\/v2\/users\/18"}],"replies":[{"embeddable":true,"href":"https:\/\/nevadabenefits.com\/es\/wp-json\/wp\/v2\/comments?post=1128"}],"version-history":[{"count":0,"href":"https:\/\/nevadabenefits.com\/es\/wp-json\/wp\/v2\/pages\/1128\/revisions"}],"wp:featuredmedia":[{"embeddable":true,"href":"https:\/\/nevadabenefits.com\/es\/wp-json\/wp\/v2\/media\/1338"}],"wp:attachment":[{"href":"https:\/\/nevadabenefits.com\/es\/wp-json\/wp\/v2\/media?parent=1128"}],"curies":[{"name":"wp","href":"https:\/\/api.w.org\/{rel}","templated":true}]}}