{"id":1130,"date":"2016-05-30T18:46:03","date_gmt":"2016-05-30T18:46:03","guid":{"rendered":"http:\/\/nevadabenefits.com\/?page_id=226"},"modified":"2025-10-27T19:43:01","modified_gmt":"2025-10-28T02:43:01","slug":"medicare-insurance","status":"publish","type":"page","link":"https:\/\/nevadabenefits.com\/es\/medicare-insurance\/","title":{"rendered":"Seguro de Medicare"},"content":{"rendered":"<div data-elementor-type=\"wp-page\" data-elementor-id=\"1130\" class=\"elementor elementor-1130\" data-elementor-post-type=\"page\">\n\t\t\t\t<div class=\"elementor-element elementor-element-4a001494 elementor-hidden-tablet elementor-hidden-mobile e-flex e-con-boxed elementor-invisible e-con e-parent\" data-id=\"4a001494\" data-element_type=\"container\" data-e-type=\"container\" data-settings=\"{&quot;background_background&quot;:&quot;classic&quot;,&quot;animation&quot;:&quot;fadeInRight&quot;}\">\n\t\t\t\t\t<div class=\"e-con-inner\">\n\t\t\t\t\t<\/div>\n\t\t\t\t<\/div>\n\t\t<div class=\"elementor-element elementor-element-2a669970 e-flex e-con-boxed e-con e-parent\" data-id=\"2a669970\" data-element_type=\"container\" data-e-type=\"container\">\n\t\t\t\t\t<div class=\"e-con-inner\">\n\t\t\t\t<div class=\"elementor-element elementor-element-3b25c938 elementor-invisible elementor-widget elementor-widget-heading\" data-id=\"3b25c938\" data-element_type=\"widget\" data-e-type=\"widget\" data-settings=\"{&quot;_animation&quot;:&quot;fadeInRight&quot;,&quot;_animation_delay&quot;:500}\" data-widget_type=\"heading.default\">\n\t\t\t\t\t<h2 class=\"elementor-heading-title elementor-size-default\">Planes de seguro de Medicare en Nevada que funcionan para usted\n<\/h2>\t\t\t\t<\/div>\n\t\t\t\t<div class=\"elementor-element elementor-element-1e031d6a elementor-invisible elementor-widget elementor-widget-text-editor\" data-id=\"1e031d6a\" data-element_type=\"widget\" data-e-type=\"widget\" data-settings=\"{&quot;_animation&quot;:&quot;fadeInRight&quot;,&quot;_animation_delay&quot;:600}\" data-widget_type=\"text-editor.default\">\n\t\t\t\t\t\t\t\t\t<p data-start=\"240\" data-end=\"326\"><em data-start=\"240\" data-end=\"326\">Compare planes Medicare Supplement y Advantage con expertos locales en Las Vegas y Reno<\/em><\/p><p data-start=\"328\" data-end=\"711\">Elegir un plan de Medicare puede ser abrumador, pero no tiene por qu\u00e9 serlo. En Nevada Benefits, ayudamos a personas y familias de Nevada a explorar las opciones de Medicare con confianza, claridad y apoyo local. Ya sea que sea nuevo en Medicare o est\u00e9 reevaluando su cobertura, le ayudamos a encontrar el plan ideal al mismo precio que en cualquier otro lugar: con un servicio personalizado que no encontrar\u00e1.<\/p>\t\t\t\t\t\t\t\t<\/div>\n\t\t\t\t\t<\/div>\n\t\t\t\t<\/div>\n\t\t<div class=\"elementor-element elementor-element-4b341aab e-flex e-con-boxed elementor-invisible e-con e-parent\" data-id=\"4b341aab\" data-element_type=\"container\" data-e-type=\"container\" data-settings=\"{&quot;animation&quot;:&quot;fadeInRight&quot;,&quot;animation_delay&quot;:900}\">\n\t\t\t\t\t<div class=\"e-con-inner\">\n\t\t<div class=\"elementor-element elementor-element-44da769d e-con-full e-flex e-con e-child\" data-id=\"44da769d\" data-element_type=\"container\" data-e-type=\"container\">\n\t\t\t\t<div class=\"elementor-element elementor-element-36fdc27a elementor-widget elementor-widget-heading\" data-id=\"36fdc27a\" data-element_type=\"widget\" data-e-type=\"widget\" data-widget_type=\"heading.default\">\n\t\t\t\t\t<h2 class=\"elementor-heading-title elementor-size-default\">\u2705 Servicios incluidos\n<\/h2>\t\t\t\t<\/div>\n\t\t\t\t<div class=\"elementor-element elementor-element-65f77b4d elementor-widget elementor-widget-text-editor\" data-id=\"65f77b4d\" data-element_type=\"widget\" data-e-type=\"widget\" data-widget_type=\"text-editor.default\">\n\t\t\t\t\t\t\t\t\t<p data-start=\"746\" data-end=\"842\">Le ayudamos a comprender Medicare para que pueda dejar de preocuparse y comenzar a concentrarse en su salud.<\/p>\t\t\t\t\t\t\t\t<\/div>\n\t\t\t\t<div class=\"elementor-element elementor-element-57ec4ff5 elementor-align-start elementor-icon-list--layout-traditional elementor-list-item-link-full_width elementor-widget elementor-widget-icon-list\" data-id=\"57ec4ff5\" data-element_type=\"widget\" data-e-type=\"widget\" data-widget_type=\"icon-list.default\">\n\t\t\t\t\t\t\t<ul class=\"elementor-icon-list-items\">\n\t\t\t\t\t\t\t<li class=\"elementor-icon-list-item\">\n\t\t\t\t\t\t\t\t\t\t<span class=\"elementor-icon-list-text\">Planes Medicare Advantage (Parte C)<\/span>\n\t\t\t\t\t\t\t\t\t<\/li>\n\t\t\t\t\t\t\t\t<li class=\"elementor-icon-list-item\">\n\t\t\t\t\t\t\t\t\t\t<span class=\"elementor-icon-list-text\">Planes de medicamentos recetados (Parte D)<\/span>\n\t\t\t\t\t\t\t\t\t<\/li>\n\t\t\t\t\t\t\t\t<li class=\"elementor-icon-list-item\">\n\t\t\t\t\t\t\t\t\t\t<span class=\"elementor-icon-list-text\">Planes Suplementarios de Medicare (Medigap)<\/span>\n\t\t\t\t\t\t\t\t\t<\/li>\n\t\t\t\t\t\t\t\t<li class=\"elementor-icon-list-item\">\n\t\t\t\t\t\t\t\t\t\t<span class=\"elementor-icon-list-text\">\ud83d\udcc9 Cost Comparison &amp; Plan Evaluation<\/span>\n\t\t\t\t\t\t\t\t\t<\/li>\n\t\t\t\t\t\t\t\t<li class=\"elementor-icon-list-item\">\n\t\t\t\t\t\t\t\t\t\t<span class=\"elementor-icon-list-text\">\ud83e\uddd1\u200d\u2695\ufe0f Revisi\u00f3n de beneficios personalizados<\/span>\n\t\t\t\t\t\t\t\t\t<\/li>\n\t\t\t\t\t\t\t\t<li class=\"elementor-icon-list-item\">\n\t\t\t\t\t\t\t\t\t\t<span class=\"elementor-icon-list-text\">\ud83e\udd1d Local Advocacy &amp; Ongoing Support<\/span>\n\t\t\t\t\t\t\t\t\t<\/li>\n\t\t\t\t\t\t\t\t<li class=\"elementor-icon-list-item\">\n\t\t\t\t\t\t\t\t\t\t<span class=\"elementor-icon-list-text\">Ya sea que cumpla 65 a\u00f1os, se jubile o abandone la cobertura del empleador, hacemos que la transici\u00f3n sea f\u00e1cil.<\/span>\n\t\t\t\t\t\t\t\t\t<\/li>\n\t\t\t\t\t\t<\/ul>\n\t\t\t\t\t\t<\/div>\n\t\t\t\t<\/div>\n\t\t<div class=\"elementor-element elementor-element-311da735 e-con-full e-flex e-con e-child\" data-id=\"311da735\" data-element_type=\"container\" data-e-type=\"container\">\n\t\t\t\t<div class=\"elementor-element elementor-element-1b513f7 elementor-widget elementor-widget-heading\" data-id=\"1b513f7\" data-element_type=\"widget\" data-e-type=\"widget\" data-widget_type=\"heading.default\">\n\t\t\t\t\t<h2 class=\"elementor-heading-title elementor-size-default\">\ud83d\udca1 El verdadero desaf\u00edo para los empleadores<\/h2>\t\t\t\t<\/div>\n\t\t\t\t<div class=\"elementor-element elementor-element-5814a8b6 elementor-widget elementor-widget-text-editor\" data-id=\"5814a8b6\" data-element_type=\"widget\" data-e-type=\"widget\" data-widget_type=\"text-editor.default\">\n\t\t\t\t\t\t\t\t\t<p data-start=\"1222\" data-end=\"1377\">Nevada tiene m\u00e1s de <strong data-start=\"1238\" data-end=\"1260\">200 planes de Medicare<\/strong> En 20 compa\u00f1\u00edas de seguros diferentes, todas con el mismo precio seg\u00fan la ley estatal. Pero no todas las coberturas son iguales.<\/p><p data-start=\"1379\" data-end=\"1582\">Demasiadas personas se dejan llevar por anuncios de &quot;mejor precio&quot; o por agentes de otros estados que no comprenden las necesidades locales. \u00bfY las consecuencias? Facturas m\u00e9dicas enormes, reclamaciones denegadas y brechas de cobertura que los dejan expuestos.<\/p>\t\t\t\t\t\t\t\t<\/div>\n\t\t\t\t<div class=\"elementor-element elementor-element-150a8374 elementor-align-start elementor-icon-list--layout-traditional elementor-list-item-link-full_width elementor-widget elementor-widget-icon-list\" data-id=\"150a8374\" data-element_type=\"widget\" data-e-type=\"widget\" data-widget_type=\"icon-list.default\">\n\t\t\t\t\t\t\t<ul class=\"elementor-icon-list-items\">\n\t\t\t\t\t\t\t<li class=\"elementor-icon-list-item\">\n\t\t\t\t\t\t\t\t\t\t<span class=\"elementor-icon-list-text\">\ud83d\udcca El 42% de las quiebras est\u00e1n vinculadas a los gastos m\u00e9dicos<\/span>\n\t\t\t\t\t\t\t\t\t<\/li>\n\t\t\t\t\t\t\t\t<li class=\"elementor-icon-list-item\">\n\t\t\t\t\t\t\t\t\t\t<span class=\"elementor-icon-list-text\">\ud83d\udca1 78% de ellos estaban asegurados, pero en el plan equivocado<\/span>\n\t\t\t\t\t\t\t\t\t<\/li>\n\t\t\t\t\t\t\t\t<li class=\"elementor-icon-list-item\">\n\t\t\t\t\t\t\t\t\t\t<span class=\"elementor-icon-list-text\">Un plan de Medicare incorrecto puede costarle m\u00e1s que dinero. Puede afectar su acceso a la atenci\u00f3n m\u00e9dica, los medicamentos y su tranquilidad.<\/span>\n\t\t\t\t\t\t\t\t\t<\/li>\n\t\t\t\t\t\t<\/ul>\n\t\t\t\t\t\t<\/div>\n\t\t\t\t<\/div>\n\t\t\t\t\t<\/div>\n\t\t\t\t<\/div>\n\t\t<div class=\"elementor-element elementor-element-6e386162 e-flex e-con-boxed e-con e-parent\" data-id=\"6e386162\" data-element_type=\"container\" data-e-type=\"container\">\n\t\t\t\t\t<div class=\"e-con-inner\">\n\t\t\t\t<div class=\"elementor-element elementor-element-3d81f961 elementor-invisible elementor-widget elementor-widget-heading\" data-id=\"3d81f961\" data-element_type=\"widget\" data-e-type=\"widget\" data-settings=\"{&quot;_animation&quot;:&quot;fadeInRight&quot;,&quot;_animation_delay&quot;:500}\" data-widget_type=\"heading.default\">\n\t\t\t\t\t<h2 class=\"elementor-heading-title elementor-size-default\">\u2699\ufe0f C\u00f3mo Nevada Benefits simplifica el seguro de vida\n<\/h2>\t\t\t\t<\/div>\n\t\t<div class=\"elementor-element elementor-element-347270fc e-con-full e-flex e-con e-child\" data-id=\"347270fc\" data-element_type=\"container\" data-e-type=\"container\" data-settings=\"{&quot;background_background&quot;:&quot;classic&quot;}\">\n\t\t<div class=\"elementor-element elementor-element-293dfe1a e-con-full e-transform e-flex elementor-invisible e-con e-child\" data-id=\"293dfe1a\" data-element_type=\"container\" data-e-type=\"container\" data-settings=\"{&quot;animation&quot;:&quot;fadeInLeft&quot;,&quot;animation_delay&quot;:700,&quot;_transform_translateY_effect_hover&quot;:{&quot;unit&quot;:&quot;px&quot;,&quot;size&quot;:7,&quot;sizes&quot;:[]},&quot;_transform_translateX_effect_hover&quot;:{&quot;unit&quot;:&quot;px&quot;,&quot;size&quot;:&quot;&quot;,&quot;sizes&quot;:[]},&quot;_transform_translateX_effect_hover_tablet&quot;:{&quot;unit&quot;:&quot;px&quot;,&quot;size&quot;:&quot;&quot;,&quot;sizes&quot;:[]},&quot;_transform_translateX_effect_hover_mobile&quot;:{&quot;unit&quot;:&quot;px&quot;,&quot;size&quot;:&quot;&quot;,&quot;sizes&quot;:[]},&quot;_transform_translateY_effect_hover_tablet&quot;:{&quot;unit&quot;:&quot;px&quot;,&quot;size&quot;:&quot;&quot;,&quot;sizes&quot;:[]},&quot;_transform_translateY_effect_hover_mobile&quot;:{&quot;unit&quot;:&quot;px&quot;,&quot;size&quot;:&quot;&quot;,&quot;sizes&quot;:[]}}\">\n\t\t\t\t<div class=\"elementor-element elementor-element-c517b42 elementor-widget elementor-widget-image\" data-id=\"c517b42\" data-element_type=\"widget\" data-e-type=\"widget\" data-widget_type=\"image.default\">\n\t\t\t\t\t\t\t\t\t\t\t\t\t\t\t<img fetchpriority=\"high\" width=\"500\" height=\"500\" src=\"https:\/\/nevadabenefits.com\/wp-content\/uploads\/2025\/07\/Couple-looking-at-Nevada-Benefits-Insurance-3.png\" class=\"attachment-large size-large wp-image-5873\" alt=\"\" decoding=\"async\" srcset=\"https:\/\/nevadabenefits.com\/wp-content\/uploads\/2025\/07\/Couple-looking-at-Nevada-Benefits-Insurance-3.png 500w, https:\/\/nevadabenefits.com\/wp-content\/uploads\/2025\/07\/Couple-looking-at-Nevada-Benefits-Insurance-3-300x300.png 300w, https:\/\/nevadabenefits.com\/wp-content\/uploads\/2025\/07\/Couple-looking-at-Nevada-Benefits-Insurance-3-150x150.png 150w\" sizes=\"(max-width: 500px) 100vw, 500px\" title=\"\">\t\t\t\t\t\t\t\t\t\t\t\t\t\t\t<\/div>\n\t\t\t\t<div class=\"elementor-element elementor-element-1148e6a0 elementor-widget elementor-widget-heading\" data-id=\"1148e6a0\" data-element_type=\"widget\" data-e-type=\"widget\" data-widget_type=\"heading.default\">\n\t\t\t\t\t<h2 class=\"elementor-heading-title elementor-size-default\">Experiencia local, no planes gen\u00e9ricos<\/h2>\t\t\t\t<\/div>\n\t\t\t\t<div class=\"elementor-element elementor-element-58eca47a elementor-widget elementor-widget-text-editor\" data-id=\"58eca47a\" data-element_type=\"widget\" data-e-type=\"widget\" data-widget_type=\"text-editor.default\">\n\t\t\t\t\t\t\t\t\t<p data-start=\"1916\" data-end=\"2098\">Estamos ubicados en Nevada, no solo con licencia. Nuestros asesores conocen los planes disponibles, las redes locales importantes y c\u00f3mo adaptar los beneficios a sus necesidades reales de atenci\u00f3n m\u00e9dica.<\/p><h3 data-start=\"2100\" data-end=\"2135\">\u00a0<\/h3><h3 data-start=\"2238\" data-end=\"2281\">\u00a0<\/h3>\t\t\t\t\t\t\t\t<\/div>\n\t\t\t\t<\/div>\n\t\t<div class=\"elementor-element elementor-element-38ca8783 e-con-full e-transform e-transform e-flex elementor-invisible e-con e-child\" data-id=\"38ca8783\" data-element_type=\"container\" data-e-type=\"container\" data-settings=\"{&quot;animation&quot;:&quot;fadeInLeft&quot;,&quot;animation_delay&quot;:900,&quot;_transform_translateY_effect_hover&quot;:{&quot;unit&quot;:&quot;px&quot;,&quot;size&quot;:20,&quot;sizes&quot;:[]},&quot;_transform_translateX_effect&quot;:{&quot;unit&quot;:&quot;px&quot;,&quot;size&quot;:&quot;&quot;,&quot;sizes&quot;:[]},&quot;_transform_translateX_effect_tablet&quot;:{&quot;unit&quot;:&quot;px&quot;,&quot;size&quot;:&quot;&quot;,&quot;sizes&quot;:[]},&quot;_transform_translateX_effect_mobile&quot;:{&quot;unit&quot;:&quot;px&quot;,&quot;size&quot;:&quot;&quot;,&quot;sizes&quot;:[]},&quot;_transform_translateY_effect&quot;:{&quot;unit&quot;:&quot;px&quot;,&quot;size&quot;:&quot;&quot;,&quot;sizes&quot;:[]},&quot;_transform_translateY_effect_tablet&quot;:{&quot;unit&quot;:&quot;px&quot;,&quot;size&quot;:&quot;&quot;,&quot;sizes&quot;:[]},&quot;_transform_translateY_effect_mobile&quot;:{&quot;unit&quot;:&quot;px&quot;,&quot;size&quot;:&quot;&quot;,&quot;sizes&quot;:[]},&quot;_transform_translateX_effect_hover&quot;:{&quot;unit&quot;:&quot;px&quot;,&quot;size&quot;:&quot;&quot;,&quot;sizes&quot;:[]},&quot;_transform_translateX_effect_hover_tablet&quot;:{&quot;unit&quot;:&quot;px&quot;,&quot;size&quot;:&quot;&quot;,&quot;sizes&quot;:[]},&quot;_transform_translateX_effect_hover_mobile&quot;:{&quot;unit&quot;:&quot;px&quot;,&quot;size&quot;:&quot;&quot;,&quot;sizes&quot;:[]},&quot;_transform_translateY_effect_hover_tablet&quot;:{&quot;unit&quot;:&quot;px&quot;,&quot;size&quot;:&quot;&quot;,&quot;sizes&quot;:[]},&quot;_transform_translateY_effect_hover_mobile&quot;:{&quot;unit&quot;:&quot;px&quot;,&quot;size&quot;:&quot;&quot;,&quot;sizes&quot;:[]}}\">\n\t\t\t\t<div class=\"elementor-element elementor-element-19ce08cb elementor-widget elementor-widget-heading\" data-id=\"19ce08cb\" data-element_type=\"widget\" data-e-type=\"widget\" data-widget_type=\"heading.default\">\n\t\t\t\t\t<h2 class=\"elementor-heading-title elementor-size-default\">Apoyo y defensa continuos<\/h2>\t\t\t\t<\/div>\n\t\t\t\t<div class=\"elementor-element elementor-element-7c93c06 elementor-widget elementor-widget-text-editor\" data-id=\"7c93c06\" data-element_type=\"widget\" data-e-type=\"widget\" data-widget_type=\"text-editor.default\">\n\t\t\t\t\t\t\t\t\t<p data-start=\"2136\" data-end=\"2321\">Tu plan no termina al registrarte, y nosotros tampoco. Estamos aqu\u00ed si algo sale mal: te ayudamos con problemas de facturaci\u00f3n, apelaciones y preguntas sobre la red, incluso despu\u00e9s de que tu p\u00f3liza est\u00e9 activa.<\/p>\t\t\t\t\t\t\t\t<\/div>\n\t\t\t\t<div class=\"elementor-element elementor-element-0a41cf6 elementor-widget elementor-widget-image\" data-id=\"0a41cf6\" data-element_type=\"widget\" data-e-type=\"widget\" data-widget_type=\"image.default\">\n\t\t\t\t\t\t\t\t\t\t\t\t\t\t\t<img width=\"500\" height=\"500\" src=\"https:\/\/nevadabenefits.com\/wp-content\/uploads\/2025\/07\/Nevada-Benefits-agents-helping-a-client-2.png\" class=\"attachment-large size-large wp-image-5877\" alt=\"\" decoding=\"async\" srcset=\"https:\/\/nevadabenefits.com\/wp-content\/uploads\/2025\/07\/Nevada-Benefits-agents-helping-a-client-2.png 500w, https:\/\/nevadabenefits.com\/wp-content\/uploads\/2025\/07\/Nevada-Benefits-agents-helping-a-client-2-300x300.png 300w, https:\/\/nevadabenefits.com\/wp-content\/uploads\/2025\/07\/Nevada-Benefits-agents-helping-a-client-2-150x150.png 150w\" sizes=\"(max-width: 500px) 100vw, 500px\" title=\"\">\t\t\t\t\t\t\t\t\t\t\t\t\t\t\t<\/div>\n\t\t\t\t<\/div>\n\t\t\t\t<\/div>\n\t\t\t\t\t<\/div>\n\t\t\t\t<\/div>\n\t\t<div class=\"elementor-element elementor-element-358045d4 e-flex e-con-boxed e-con e-parent\" data-id=\"358045d4\" data-element_type=\"container\" data-e-type=\"container\">\n\t\t\t\t\t<div class=\"e-con-inner\">\n\t\t\t\t<div class=\"elementor-element elementor-element-647e5c49 elementor-invisible elementor-widget elementor-widget-heading\" data-id=\"647e5c49\" data-element_type=\"widget\" data-e-type=\"widget\" data-settings=\"{&quot;_animation&quot;:&quot;fadeInRight&quot;,&quot;_animation_delay&quot;:500}\" data-widget_type=\"heading.default\">\n\t\t\t\t\t<h2 class=\"elementor-heading-title elementor-size-default\">\ud83d\udcde Hablemos de la cobertura que te mereces\n<\/h2>\t\t\t\t<\/div>\n\t\t\t\t<div class=\"elementor-element elementor-element-3e6dab46 elementor-invisible elementor-widget elementor-widget-text-editor\" data-id=\"3e6dab46\" data-element_type=\"widget\" data-e-type=\"widget\" data-settings=\"{&quot;_animation&quot;:&quot;fadeInRight&quot;,&quot;_animation_delay&quot;:600}\" data-widget_type=\"text-editor.default\">\n\t\t\t\t\t\t\t\t\t<p data-start=\"2377\" data-end=\"2572\">La mayor\u00eda de los agentes de Medicare promocionan un plan preseleccionado y desaparecen despu\u00e9s de la venta. En Nevada Benefits, nos tomamos el tiempo para comprender sus necesidades, explicarle sus opciones y acompa\u00f1arle en cada paso del proceso.<\/p><p data-start=\"2377\" data-end=\"2572\"><br data-start=\"375\" data-end=\"378\" \/><strong data-start=\"378\" data-end=\"482\">Nuestro objetivo es simple: asegurarnos de que usted se sienta seguro, cubierto y cuidado, ahora y en el futuro.<\/strong><\/p>\t\t\t\t\t\t\t\t<\/div>\n\t\t\t\t<div class=\"elementor-element elementor-element-4be2ac2e elementor-align-center e-transform elementor-invisible elementor-widget elementor-widget-button\" data-id=\"4be2ac2e\" data-element_type=\"widget\" data-e-type=\"widget\" data-settings=\"{&quot;_animation&quot;:&quot;fadeInRight&quot;,&quot;_animation_delay&quot;:700,&quot;_transform_translateX_effect_hover&quot;:{&quot;unit&quot;:&quot;px&quot;,&quot;size&quot;:10,&quot;sizes&quot;:[]},&quot;_transform_translateY_effect_hover&quot;:{&quot;unit&quot;:&quot;px&quot;,&quot;size&quot;:-10,&quot;sizes&quot;:[]},&quot;_transform_translateX_effect_hover_tablet&quot;:{&quot;unit&quot;:&quot;px&quot;,&quot;size&quot;:&quot;&quot;,&quot;sizes&quot;:[]},&quot;_transform_translateX_effect_hover_mobile&quot;:{&quot;unit&quot;:&quot;px&quot;,&quot;size&quot;:&quot;&quot;,&quot;sizes&quot;:[]},&quot;_transform_translateY_effect_hover_tablet&quot;:{&quot;unit&quot;:&quot;px&quot;,&quot;size&quot;:&quot;&quot;,&quot;sizes&quot;:[]},&quot;_transform_translateY_effect_hover_mobile&quot;:{&quot;unit&quot;:&quot;px&quot;,&quot;size&quot;:&quot;&quot;,&quot;sizes&quot;:[]}}\" data-widget_type=\"button.default\">\n\t\t\t\t\t\t\t\t\t\t<a class=\"elementor-button elementor-button-link elementor-size-sm\" href=\"https:\/\/nevadabenefits.com\/es\/contact\/\">\n\t\t\t\t\t\t<span class=\"elementor-button-content-wrapper\">\n\t\t\t\t\t\t<span class=\"elementor-button-icon\">\n\t\t\t\t<i aria-hidden=\"true\" class=\"jki jki-arrow-up-right-line\"><\/i>\t\t\t<\/span>\n\t\t\t\t\t\t\t\t\t<span class=\"elementor-button-text\">Programe su revisi\u00f3n gratuita del plan de Medicare<\/span>\n\t\t\t\t\t<\/span>\n\t\t\t\t\t<\/a>\n\t\t\t\t\t\t\t\t<\/div>\n\t\t\t\t\t<\/div>\n\t\t\t\t<\/div>\n\t\t\t\t<\/div>","protected":false},"excerpt":{"rendered":"<p>\ud83e\uddfe Nevada Medicare Insurance Plans That Work for You Compare Medicare Supplement &amp; Advantage Plans with Local Experts in Las Vegas &amp; Reno Choosing a Medicare plan can feel overwhelming \u2014 but it doesn\u2019t have to be. At Nevada Benefits, we help individuals and families across Nevada navigate Medicare options with confidence, clarity, and local [&hellip;]<\/p>\n","protected":false},"author":18,"featured_media":1343,"parent":0,"menu_order":0,"comment_status":"closed","ping_status":"closed","template":"","meta":{"footnotes":"","_wp_rev_ctl_limit":""},"class_list":["post-1130","page","type-page","status-publish","has-post-thumbnail","hentry"],"_links":{"self":[{"href":"https:\/\/nevadabenefits.com\/es\/wp-json\/wp\/v2\/pages\/1130","targetHints":{"allow":["GET"]}}],"collection":[{"href":"https:\/\/nevadabenefits.com\/es\/wp-json\/wp\/v2\/pages"}],"about":[{"href":"https:\/\/nevadabenefits.com\/es\/wp-json\/wp\/v2\/types\/page"}],"author":[{"embeddable":true,"href":"https:\/\/nevadabenefits.com\/es\/wp-json\/wp\/v2\/users\/18"}],"replies":[{"embeddable":true,"href":"https:\/\/nevadabenefits.com\/es\/wp-json\/wp\/v2\/comments?post=1130"}],"version-history":[{"count":0,"href":"https:\/\/nevadabenefits.com\/es\/wp-json\/wp\/v2\/pages\/1130\/revisions"}],"wp:featuredmedia":[{"embeddable":true,"href":"https:\/\/nevadabenefits.com\/es\/wp-json\/wp\/v2\/media\/1343"}],"wp:attachment":[{"href":"https:\/\/nevadabenefits.com\/es\/wp-json\/wp\/v2\/media?parent=1130"}],"curies":[{"name":"wp","href":"https:\/\/api.w.org\/{rel}","templated":true}]}}