{"id":2250,"date":"2022-02-17T13:15:31","date_gmt":"2022-02-17T21:15:31","guid":{"rendered":"https:\/\/dev1.staefe.com\/?page_id=2250"},"modified":"2024-10-05T21:23:23","modified_gmt":"2024-10-06T04:23:23","slug":"direct-quote-appointment","status":"publish","type":"page","link":"https:\/\/nevadabenefits.com\/es\/direct-quote-appointment\/","title":{"rendered":"Cita de cotizaci\u00f3n directa"},"content":{"rendered":"<style>.elementor-widget-text-editor{font-family:var( --e-global-typography-text-font-family ), Sans-serif;font-size:var( --e-global-typography-text-font-size );font-weight:var( --e-global-typography-text-font-weight );font-style:var( --e-global-typography-text-font-style );line-height:var( --e-global-typography-text-line-height );letter-spacing:var( --e-global-typography-text-letter-spacing );color:var( --e-global-color-text );}.elementor-widget-text-editor.elementor-drop-cap-view-stacked .elementor-drop-cap{background-color:var( --e-global-color-primary );}.elementor-widget-text-editor.elementor-drop-cap-view-framed .elementor-drop-cap, .elementor-widget-text-editor.elementor-drop-cap-view-default .elementor-drop-cap{color:var( --e-global-color-primary );border-color:var( --e-global-color-primary );}.elementor-2250 .elementor-element.elementor-element-481a465{margin:5rem 5rem calc(var(--kit-widget-spacing, 0px) + 5rem) 5rem;}.elementor-2250 .elementor-element.elementor-element-6750746{margin-top:0rem;margin-bottom:5rem;}.elementor-widget-heading .elementor-heading-title{font-family:var( --e-global-typography-primary-font-family ), Sans-serif;font-size:var( --e-global-typography-primary-font-size );font-weight:var( --e-global-typography-primary-font-weight );text-transform:var( --e-global-typography-primary-text-transform );line-height:var( --e-global-typography-primary-line-height );letter-spacing:var( --e-global-typography-primary-letter-spacing );color:var( --e-global-color-primary );}.elementor-2250 .elementor-element.elementor-element-b3a1b85 .elementor-heading-title{font-family:\"Chivo\", Sans-serif;font-size:2rem;font-weight:400;text-transform:capitalize;line-height:60px;letter-spacing:-0.37px;}.elementor-widget-global .elementor-icon-list-item:not(:last-child):after{border-color:var( --e-global-color-text );}.elementor-widget-global .elementor-icon-list-icon i{color:var( --e-global-color-primary );}.elementor-widget-global .elementor-icon-list-icon svg{fill:var( --e-global-color-primary );}.elementor-widget-global .elementor-icon-list-item > .elementor-icon-list-text, .elementor-widget-global .elementor-icon-list-item > a{font-family:var( --e-global-typography-text-font-family ), Sans-serif;font-size:var( --e-global-typography-text-font-size );font-weight:var( --e-global-typography-text-font-weight );font-style:var( --e-global-typography-text-font-style );line-height:var( --e-global-typography-text-line-height );letter-spacing:var( --e-global-typography-text-letter-spacing );}.elementor-widget-global .elementor-icon-list-text{color:var( --e-global-color-secondary );}.elementor-2250 .elementor-element.elementor-global-1839 .elementor-icon-list-items:not(.elementor-inline-items) .elementor-icon-list-item:not(:last-child){padding-block-end:calc(4px\/2);}.elementor-2250 .elementor-element.elementor-global-1839 .elementor-icon-list-items:not(.elementor-inline-items) .elementor-icon-list-item:not(:first-child){margin-block-start:calc(4px\/2);}.elementor-2250 .elementor-element.elementor-global-1839 .elementor-icon-list-items.elementor-inline-items .elementor-icon-list-item{margin-inline:calc(4px\/2);}.elementor-2250 .elementor-element.elementor-global-1839 .elementor-icon-list-items.elementor-inline-items{margin-inline:calc(-4px\/2);}.elementor-2250 .elementor-element.elementor-global-1839 .elementor-icon-list-items.elementor-inline-items .elementor-icon-list-item:after{inset-inline-end:calc(-4px\/2);}.elementor-2250 .elementor-element.elementor-global-1839 .elementor-icon-list-icon i{color:var( --e-global-color-secondary );transition:color 0.3s;}.elementor-2250 .elementor-element.elementor-global-1839 .elementor-icon-list-icon svg{fill:var( --e-global-color-secondary );transition:fill 0.3s;}.elementor-2250 .elementor-element.elementor-global-1839{--e-icon-list-icon-size:16px;--e-icon-list-icon-align:left;--e-icon-list-icon-margin:0 calc(var(--e-icon-list-icon-size, 1em) * 0.25) 0 0;--icon-vertical-offset:0px;}.elementor-2250 .elementor-element.elementor-global-1839 .elementor-icon-list-item > .elementor-icon-list-text, .elementor-2250 .elementor-element.elementor-global-1839 .elementor-icon-list-item > a{font-family:\"Archivo\", Sans-serif;font-size:14px;font-weight:400;font-style:normal;line-height:22px;letter-spacing:0.11px;}.elementor-2250 .elementor-element.elementor-global-1839 .elementor-icon-list-text{color:var( --e-global-color-text );transition:color 0.3s;}.elementor-2250 .elementor-element.elementor-element-0302843 .elementor-heading-title{font-family:\"Chivo\", Sans-serif;font-size:2rem;font-weight:400;text-transform:capitalize;line-height:60px;letter-spacing:-0.37px;}.elementor-2250 .elementor-element.elementor-global-1843 .elementor-icon-list-items:not(.elementor-inline-items) .elementor-icon-list-item:not(:last-child){padding-block-end:calc(4px\/2);}.elementor-2250 .elementor-element.elementor-global-1843 .elementor-icon-list-items:not(.elementor-inline-items) .elementor-icon-list-item:not(:first-child){margin-block-start:calc(4px\/2);}.elementor-2250 .elementor-element.elementor-global-1843 .elementor-icon-list-items.elementor-inline-items .elementor-icon-list-item{margin-inline:calc(4px\/2);}.elementor-2250 .elementor-element.elementor-global-1843 .elementor-icon-list-items.elementor-inline-items{margin-inline:calc(-4px\/2);}.elementor-2250 .elementor-element.elementor-global-1843 .elementor-icon-list-items.elementor-inline-items .elementor-icon-list-item:after{inset-inline-end:calc(-4px\/2);}.elementor-2250 .elementor-element.elementor-global-1843 .elementor-icon-list-icon i{color:var( --e-global-color-secondary );transition:color 0.3s;}.elementor-2250 .elementor-element.elementor-global-1843 .elementor-icon-list-icon svg{fill:var( --e-global-color-secondary );transition:fill 0.3s;}.elementor-2250 .elementor-element.elementor-global-1843{--e-icon-list-icon-size:16px;--e-icon-list-icon-align:left;--e-icon-list-icon-margin:0 calc(var(--e-icon-list-icon-size, 1em) * 0.25) 0 0;--icon-vertical-offset:0px;}.elementor-2250 .elementor-element.elementor-global-1843 .elementor-icon-list-item > .elementor-icon-list-text, .elementor-2250 .elementor-element.elementor-global-1843 .elementor-icon-list-item > a{font-family:\"Archivo\", Sans-serif;font-size:14px;font-weight:400;font-style:normal;line-height:22px;letter-spacing:0.11px;}.elementor-2250 .elementor-element.elementor-global-1843 .elementor-icon-list-text{color:var( --e-global-color-text );transition:color 0.3s;}.elementor-2250 .elementor-element.elementor-element-3663d92 .elementor-heading-title{font-family:\"Chivo\", Sans-serif;font-size:2rem;font-weight:400;text-transform:capitalize;line-height:60px;letter-spacing:-0.37px;}.elementor-2250 .elementor-element.elementor-global-1846 .elementor-icon-list-items:not(.elementor-inline-items) .elementor-icon-list-item:not(:last-child){padding-block-end:calc(4px\/2);}.elementor-2250 .elementor-element.elementor-global-1846 .elementor-icon-list-items:not(.elementor-inline-items) .elementor-icon-list-item:not(:first-child){margin-block-start:calc(4px\/2);}.elementor-2250 .elementor-element.elementor-global-1846 .elementor-icon-list-items.elementor-inline-items .elementor-icon-list-item{margin-inline:calc(4px\/2);}.elementor-2250 .elementor-element.elementor-global-1846 .elementor-icon-list-items.elementor-inline-items{margin-inline:calc(-4px\/2);}.elementor-2250 .elementor-element.elementor-global-1846 .elementor-icon-list-items.elementor-inline-items .elementor-icon-list-item:after{inset-inline-end:calc(-4px\/2);}.elementor-2250 .elementor-element.elementor-global-1846 .elementor-icon-list-icon i{color:var( --e-global-color-secondary );transition:color 0.3s;}.elementor-2250 .elementor-element.elementor-global-1846 .elementor-icon-list-icon svg{fill:var( --e-global-color-secondary );transition:fill 0.3s;}.elementor-2250 .elementor-element.elementor-global-1846{--e-icon-list-icon-size:16px;--e-icon-list-icon-align:left;--e-icon-list-icon-margin:0 calc(var(--e-icon-list-icon-size, 1em) * 0.25) 0 0;--icon-vertical-offset:0px;}.elementor-2250 .elementor-element.elementor-global-1846 .elementor-icon-list-item > .elementor-icon-list-text, .elementor-2250 .elementor-element.elementor-global-1846 .elementor-icon-list-item > a{font-family:\"Archivo\", Sans-serif;font-size:14px;font-weight:400;font-style:normal;line-height:22px;letter-spacing:0.11px;}.elementor-2250 .elementor-element.elementor-global-1846 .elementor-icon-list-text{color:var( --e-global-color-text );transition:color 0.3s;}.elementor-2250 .elementor-element.elementor-element-2407169 .elementor-heading-title{font-family:\"Chivo\", Sans-serif;font-size:2rem;font-weight:400;text-transform:capitalize;line-height:60px;letter-spacing:-0.37px;}@media(max-width:1024px){.elementor-widget-text-editor{font-size:var( --e-global-typography-text-font-size );line-height:var( --e-global-typography-text-line-height );letter-spacing:var( --e-global-typography-text-letter-spacing );}.elementor-widget-heading .elementor-heading-title{font-size:var( --e-global-typography-primary-font-size );line-height:var( --e-global-typography-primary-line-height );letter-spacing:var( --e-global-typography-primary-letter-spacing );}.elementor-2250 .elementor-element.elementor-element-b3a1b85 .elementor-heading-title{font-size:28px;line-height:40px;}.elementor-widget-global .elementor-icon-list-item > .elementor-icon-list-text, .elementor-widget-global .elementor-icon-list-item > a{font-size:var( --e-global-typography-text-font-size );line-height:var( --e-global-typography-text-line-height );letter-spacing:var( --e-global-typography-text-letter-spacing );}.elementor-2250 .elementor-element.elementor-global-1839 .elementor-icon-list-item > .elementor-icon-list-text, .elementor-2250 .elementor-element.elementor-global-1839 .elementor-icon-list-item > a{font-size:14px;line-height:22px;}.elementor-2250 .elementor-element.elementor-element-0302843 .elementor-heading-title{font-size:28px;line-height:40px;}.elementor-2250 .elementor-element.elementor-global-1843 .elementor-icon-list-item > .elementor-icon-list-text, .elementor-2250 .elementor-element.elementor-global-1843 .elementor-icon-list-item > a{font-size:14px;line-height:22px;}.elementor-2250 .elementor-element.elementor-element-3663d92 .elementor-heading-title{font-size:28px;line-height:40px;}.elementor-2250 .elementor-element.elementor-global-1846 .elementor-icon-list-item > .elementor-icon-list-text, .elementor-2250 .elementor-element.elementor-global-1846 .elementor-icon-list-item > a{font-size:14px;line-height:22px;}.elementor-2250 .elementor-element.elementor-element-2407169 .elementor-heading-title{font-size:28px;line-height:40px;}}@media(max-width:767px){.elementor-widget-text-editor{font-size:var( --e-global-typography-text-font-size );line-height:var( --e-global-typography-text-line-height );letter-spacing:var( --e-global-typography-text-letter-spacing );}.elementor-widget-heading .elementor-heading-title{font-size:var( --e-global-typography-primary-font-size );line-height:var( --e-global-typography-primary-line-height );letter-spacing:var( --e-global-typography-primary-letter-spacing );}.elementor-widget-global .elementor-icon-list-item > .elementor-icon-list-text, .elementor-widget-global .elementor-icon-list-item > a{font-size:var( --e-global-typography-text-font-size );line-height:var( --e-global-typography-text-line-height );letter-spacing:var( --e-global-typography-text-letter-spacing );}}\/* Start custom CSS for global, class: .elementor-global-1839 *\/.elementor-2250 .elementor-element.elementor-global-1839 a {color:#f00;}\/* End custom CSS *\/\n\/* Start custom CSS for global, class: .elementor-global-1843 *\/.elementor-2250 .elementor-element.elementor-global-1843 a {color:#f00;}\/* End custom CSS *\/\n\/* Start custom CSS for global, class: .elementor-global-1846 *\/.elementor-2250 .elementor-element.elementor-global-1846 a {color:#f00;}\/* End custom CSS *\/<\/style>\t\t<div data-elementor-type=\"wp-page\" data-elementor-id=\"2250\" class=\"elementor elementor-2250\" data-elementor-post-type=\"page\">\n\t\t\t\t\t\t<section class=\"elementor-section elementor-top-section elementor-element elementor-element-1d383df elementor-section-boxed elementor-section-height-default elementor-section-height-default\" data-id=\"1d383df\" data-element_type=\"section\" data-e-type=\"section\">\n\t\t\t\t\t\t<div class=\"elementor-container elementor-column-gap-default\">\n\t\t\t\t\t<div class=\"elementor-column elementor-col-100 elementor-top-column elementor-element elementor-element-056a55d\" data-id=\"056a55d\" data-element_type=\"column\" data-e-type=\"column\">\n\t\t\t<div class=\"elementor-widget-wrap elementor-element-populated\">\n\t\t\t\t\t\t<div class=\"elementor-element elementor-element-481a465 elementor-widget elementor-widget-text-editor\" data-id=\"481a465\" data-element_type=\"widget\" data-e-type=\"widget\" data-widget_type=\"text-editor.default\">\n\t\t\t\t\t\t\t\t\tPara solicitudes de cotizaci\u00f3n de Anthem, Ambetter y Aetna: Para ofrecerle opciones con estos proveedores, necesitaremos una cotizaci\u00f3n directa. Comun\u00edquese con nosotros directamente a trav\u00e9s de cualquiera de las opciones de contacto a continuaci\u00f3n.\n\t\t\t\t\t\t\t\t<\/div>\n\t\t\t\t<section class=\"elementor-section elementor-inner-section elementor-element elementor-element-6750746 elementor-section-boxed elementor-section-height-default elementor-section-height-default\" data-id=\"6750746\" data-element_type=\"section\" data-e-type=\"section\">\n\t\t\t\t\t\t<div class=\"elementor-container elementor-column-gap-default\">\n\t\t\t\t\t<div class=\"elementor-column elementor-col-33 elementor-inner-column elementor-element elementor-element-873aae0\" data-id=\"873aae0\" data-element_type=\"column\" data-e-type=\"column\">\n\t\t\t<div class=\"elementor-widget-wrap elementor-element-populated\">\n\t\t\t\t\t\t<div class=\"elementor-element elementor-element-b3a1b85 elementor-widget elementor-widget-heading\" data-id=\"b3a1b85\" data-element_type=\"widget\" data-e-type=\"widget\" data-widget_type=\"heading.default\">\n\t\t\t\t\t<h4 class=\"elementor-heading-title elementor-size-default\">Las Vegas<\/h4>\t\t\t\t<\/div>\n\t\t\t\t<div class=\"elementor-element elementor-element-b3c50d8 elementor-icon-list--layout-traditional elementor-list-item-link-full_width elementor-widget elementor-widget-global elementor-global-1839 elementor-widget-icon-list\" data-id=\"b3c50d8\" data-element_type=\"widget\" data-e-type=\"widget\" data-widget_type=\"icon-list.default\">\n\t\t\t\t\t\t\t<ul class=\"elementor-icon-list-items\">\n\t\t\t\t\t\t\t<li class=\"elementor-icon-list-item\">\n\t\t\t\t\t\t\t\t\t\t\t<a href=\"https:\/\/www.google.com\/maps\/place\/Nevada+Benefits+Group+%26+Individual+Health+Insurance+Las+Vegas\/@36.1870451,-115.3061557,17z\/data=!4m9!1m2!2m1!1sNevada+benefits+las+vegas!3m5!1s0x80c8bfe64fea2cbd:0xc6966f981b864d6d!8m2!3d36.1872606!4d-115.3037822!15sChlOZXZhZGEgYmVuZWZpdHMgbGFzIHZlZ2FzWhsiGW5ldmFkYSBiZW5lZml0cyBsYXMgdmVnYXOSARdoZWFsdGhfaW5zdXJhbmNlX2FnZW5jeQ\" target=\"_blank\" rel=\"noopener\">\n\n\t\t\t\t\t\t\t\t\t\t\t\t<span class=\"elementor-icon-list-icon\">\n\t\t\t\t\t\t\t<i aria-hidden=\"true\" class=\"fas fa-map-marker-alt\"><\/i>\t\t\t\t\t\t<\/span>\n\t\t\t\t\t\t\t\t\t\t<span class=\"elementor-icon-list-text\"><u>9505 Hillwood Dr, STE 100 Las Vegas, NV 89134<\/u><\/span>\n\t\t\t\t\t\t\t\t\t\t\t<\/a>\n\t\t\t\t\t\t\t\t\t<\/li>\n\t\t\t\t\t\t\t\t<li class=\"elementor-icon-list-item\">\n\t\t\t\t\t\t\t\t\t\t\t<a href=\"tel:702.258.1995\">\n\n\t\t\t\t\t\t\t\t\t\t\t\t<span class=\"elementor-icon-list-icon\">\n\t\t\t\t\t\t\t<i aria-hidden=\"true\" class=\"fas fa-phone-alt\"><\/i>\t\t\t\t\t\t<\/span>\n\t\t\t\t\t\t\t\t\t\t<span class=\"elementor-icon-list-text\"><u>702.258.1995<\/u><\/span>\n\t\t\t\t\t\t\t\t\t\t\t<\/a>\n\t\t\t\t\t\t\t\t\t<\/li>\n\t\t\t\t\t\t\t\t<li class=\"elementor-icon-list-item\">\n\t\t\t\t\t\t\t\t\t\t\t<a href=\"https:\/\/nevadabenefits.com\/es\/contact\/\">\n\n\t\t\t\t\t\t\t\t\t\t\t\t<span class=\"elementor-icon-list-icon\">\n\t\t\t\t\t\t\t<i aria-hidden=\"true\" class=\"fas fa-envelope\"><\/i>\t\t\t\t\t\t<\/span>\n\t\t\t\t\t\t\t\t\t\t<span class=\"elementor-icon-list-text\">Cont\u00e1ctenos<\/span>\n\t\t\t\t\t\t\t\t\t\t\t<\/a>\n\t\t\t\t\t\t\t\t\t<\/li>\n\t\t\t\t\t\t\t\t<li class=\"elementor-icon-list-item\">\n\t\t\t\t\t\t\t\t\t\t\t<span class=\"elementor-icon-list-icon\">\n\t\t\t\t\t\t\t<i aria-hidden=\"true\" class=\"fas fa-clock\"><\/i>\t\t\t\t\t\t<\/span>\n\t\t\t\t\t\t\t\t\t\t<span class=\"elementor-icon-list-text\">Lunes a viernes: 8:00 a 17:00 horas<\/span>\n\t\t\t\t\t\t\t\t\t<\/li>\n\t\t\t\t\t\t<\/ul>\n\t\t\t\t\t\t<\/div>\n\t\t\t\t\t<\/div>\n\t\t<\/div>\n\t\t\t\t<div class=\"elementor-column elementor-col-33 elementor-inner-column elementor-element elementor-element-cace83e\" data-id=\"cace83e\" data-element_type=\"column\" data-e-type=\"column\">\n\t\t\t<div class=\"elementor-widget-wrap elementor-element-populated\">\n\t\t\t\t\t\t<div class=\"elementor-element elementor-element-0302843 elementor-widget elementor-widget-heading\" data-id=\"0302843\" data-element_type=\"widget\" data-e-type=\"widget\" data-widget_type=\"heading.default\">\n\t\t\t\t\t<h4 class=\"elementor-heading-title elementor-size-default\">Reno<\/h4>\t\t\t\t<\/div>\n\t\t\t\t<div class=\"elementor-element elementor-element-6405550 elementor-icon-list--layout-traditional elementor-list-item-link-full_width elementor-widget elementor-widget-global elementor-global-1843 elementor-widget-icon-list\" data-id=\"6405550\" data-element_type=\"widget\" data-e-type=\"widget\" data-widget_type=\"icon-list.default\">\n\t\t\t\t\t\t\t<ul class=\"elementor-icon-list-items\">\n\t\t\t\t\t\t\t<li class=\"elementor-icon-list-item\">\n\t\t\t\t\t\t\t\t\t\t\t<a href=\"https:\/\/www.google.com\/maps\/place\/Nevada+Benefits+Health+Insurance+Reno\/@39.4649476,-119.7913804,17z\/data=!3m2!4b1!5s0x809940b60c3595b7:0x1842e8eb6f1f1522!4m5!3m4!1s0x8099415046cddbc9:0xb163744c752689ba!8m2!3d39.4649435!4d-119.7891917\" target=\"_blank\" rel=\"noopener\">\n\n\t\t\t\t\t\t\t\t\t\t\t\t<span class=\"elementor-icon-list-icon\">\n\t\t\t\t\t\t\t<i aria-hidden=\"true\" class=\"fas fa-map-marker-alt\"><\/i>\t\t\t\t\t\t<\/span>\n\t\t\t\t\t\t\t\t\t\t<span class=\"elementor-icon-list-text\"><u>10350 N McCarran Blvd, #1022 Reno NV 89503<\/u><\/span>\n\t\t\t\t\t\t\t\t\t\t\t<\/a>\n\t\t\t\t\t\t\t\t\t<\/li>\n\t\t\t\t\t\t\t\t<li class=\"elementor-icon-list-item\">\n\t\t\t\t\t\t\t\t\t\t\t<a href=\"tel:7753007997\">\n\n\t\t\t\t\t\t\t\t\t\t\t\t<span class=\"elementor-icon-list-icon\">\n\t\t\t\t\t\t\t<i aria-hidden=\"true\" class=\"fas fa-phone-alt\"><\/i>\t\t\t\t\t\t<\/span>\n\t\t\t\t\t\t\t\t\t\t<span class=\"elementor-icon-list-text\"><u>775. 300.7997<\/u><\/span>\n\t\t\t\t\t\t\t\t\t\t\t<\/a>\n\t\t\t\t\t\t\t\t\t<\/li>\n\t\t\t\t\t\t\t\t<li class=\"elementor-icon-list-item\">\n\t\t\t\t\t\t\t\t\t\t\t<a href=\"https:\/\/nevadabenefits.com\/es\/contact\/\">\n\n\t\t\t\t\t\t\t\t\t\t\t\t<span class=\"elementor-icon-list-icon\">\n\t\t\t\t\t\t\t<i aria-hidden=\"true\" class=\"fas fa-envelope\"><\/i>\t\t\t\t\t\t<\/span>\n\t\t\t\t\t\t\t\t\t\t<span class=\"elementor-icon-list-text\">Cont\u00e1ctenos<\/span>\n\t\t\t\t\t\t\t\t\t\t\t<\/a>\n\t\t\t\t\t\t\t\t\t<\/li>\n\t\t\t\t\t\t\t\t<li class=\"elementor-icon-list-item\">\n\t\t\t\t\t\t\t\t\t\t\t<span class=\"elementor-icon-list-icon\">\n\t\t\t\t\t\t\t<i aria-hidden=\"true\" class=\"fas fa-clock\"><\/i>\t\t\t\t\t\t<\/span>\n\t\t\t\t\t\t\t\t\t\t<span class=\"elementor-icon-list-text\">Lunes a viernes: 8:00 a 17:00 horas<\/span>\n\t\t\t\t\t\t\t\t\t<\/li>\n\t\t\t\t\t\t<\/ul>\n\t\t\t\t\t\t<\/div>\n\t\t\t\t\t<\/div>\n\t\t<\/div>\n\t\t\t\t<div class=\"elementor-column elementor-col-33 elementor-inner-column elementor-element elementor-element-8544994\" data-id=\"8544994\" data-element_type=\"column\" data-e-type=\"column\">\n\t\t\t<div class=\"elementor-widget-wrap elementor-element-populated\">\n\t\t\t\t\t\t<div class=\"elementor-element elementor-element-3663d92 elementor-widget elementor-widget-heading\" data-id=\"3663d92\" data-element_type=\"widget\" data-e-type=\"widget\" data-widget_type=\"heading.default\">\n\t\t\t\t\t<h4 class=\"elementor-heading-title elementor-size-default\">Henderson<\/h4>\t\t\t\t<\/div>\n\t\t\t\t<div class=\"elementor-element elementor-element-c1b831f elementor-hidden-desktop elementor-hidden-tablet elementor-hidden-mobile elementor-icon-list--layout-traditional elementor-list-item-link-full_width elementor-widget elementor-widget-global elementor-global-1846 elementor-widget-icon-list\" data-id=\"c1b831f\" data-element_type=\"widget\" data-e-type=\"widget\" data-widget_type=\"icon-list.default\">\n\t\t\t\t\t\t\t<ul class=\"elementor-icon-list-items\">\n\t\t\t\t\t\t\t<li class=\"elementor-icon-list-item\">\n\t\t\t\t\t\t\t\t\t\t\t<a href=\"https:\/\/www.google.com\/maps\/place\/Nevada+Benefits+Group+%26+Individual+Health+Insurance+Henderson\/@36.0829898,-115.1860925,12z\/data=!3m1!5s0x80c8ce0c052e839d:0xe6eea01c1582c4a7!4m9!1m2!2m1!1sNevada+benefits+henderson!3m5!1s0x80c8cfcdee7eca21:0x36dc6e8a8c833346!8m2!3d35.9995547!4d-115.1118872!15sChlOZXZhZGEgYmVuZWZpdHMgaGVuZGVyc29uWhsiGW5ldmFkYSBiZW5lZml0cyBoZW5kZXJzb26SARdoZWFsdGhfaW5zdXJhbmNlX2FnZW5jeQ\" target=\"_blank\" rel=\"noopener\">\n\n\t\t\t\t\t\t\t\t\t\t\t\t<span class=\"elementor-icon-list-icon\">\n\t\t\t\t\t\t\t<i aria-hidden=\"true\" class=\"fas fa-map-marker-alt\"><\/i>\t\t\t\t\t\t<\/span>\n\t\t\t\t\t\t\t\t\t\t<span class=\"elementor-icon-list-text\"><u>2850 W Horizon Ridge Pkwy, Suite 200, Henderson, NV 89052 <\/u><\/span>\n\t\t\t\t\t\t\t\t\t\t\t<\/a>\n\t\t\t\t\t\t\t\t\t<\/li>\n\t\t\t\t\t\t\t\t<li class=\"elementor-icon-list-item\">\n\t\t\t\t\t\t\t\t\t\t\t<a href=\"tel:7753007997\">\n\n\t\t\t\t\t\t\t\t\t\t\t\t<span class=\"elementor-icon-list-icon\">\n\t\t\t\t\t\t\t<i aria-hidden=\"true\" class=\"fas fa-phone-alt\"><\/i>\t\t\t\t\t\t<\/span>\n\t\t\t\t\t\t\t\t\t\t<span class=\"elementor-icon-list-text\"><u>775. 300.7997<\/u><\/span>\n\t\t\t\t\t\t\t\t\t\t\t<\/a>\n\t\t\t\t\t\t\t\t\t<\/li>\n\t\t\t\t\t\t\t\t<li class=\"elementor-icon-list-item\">\n\t\t\t\t\t\t\t\t\t\t\t<a href=\"mailto:service@nevadabenefits.com\">\n\n\t\t\t\t\t\t\t\t\t\t\t\t<span class=\"elementor-icon-list-icon\">\n\t\t\t\t\t\t\t<i aria-hidden=\"true\" class=\"fas fa-envelope\"><\/i>\t\t\t\t\t\t<\/span>\n\t\t\t\t\t\t\t\t\t\t<span class=\"elementor-icon-list-text\"><u>service@nevadabenefits.com<\/u><\/span>\n\t\t\t\t\t\t\t\t\t\t\t<\/a>\n\t\t\t\t\t\t\t\t\t<\/li>\n\t\t\t\t\t\t\t\t<li class=\"elementor-icon-list-item\">\n\t\t\t\t\t\t\t\t\t\t\t<span class=\"elementor-icon-list-icon\">\n\t\t\t\t\t\t\t<i aria-hidden=\"true\" class=\"fas fa-clock\"><\/i>\t\t\t\t\t\t<\/span>\n\t\t\t\t\t\t\t\t\t\t<span class=\"elementor-icon-list-text\">Lunes a viernes: 8:00 a 17:00 horas<\/span>\n\t\t\t\t\t\t\t\t\t<\/li>\n\t\t\t\t\t\t<\/ul>\n\t\t\t\t\t\t<\/div>\n\t\t\t\t\t<\/div>\n\t\t<\/div>\n\t\t\t\t\t<\/div>\n\t\t<\/section>\n\t\t\t\t<div class=\"elementor-element elementor-element-2407169 elementor-widget elementor-widget-heading\" data-id=\"2407169\" data-element_type=\"widget\" data-e-type=\"widget\" data-widget_type=\"heading.default\">\n\t\t\t\t\t<h4 class=\"elementor-heading-title elementor-size-default\">Programar una cita<\/h4>\t\t\t\t<\/div>\n\t\t\t\t<div class=\"elementor-element elementor-element-f32b3e3 elementor-widget elementor-widget-global elementor-global-1202 elementor-widget-html\" data-id=\"f32b3e3\" data-element_type=\"widget\" data-e-type=\"widget\" data-widget_type=\"html.default\">\n\t\t\t\t\t<!-- Calendly inline widget begin -->\r\n<div class=\"calendly-inline-widget\" data-url=\"https:\/\/calendly.com\/d\/zgy-dhd-zrn\/special-enrollment\" style=\"min-width:320px;height:700px;\"><\/div>\r\n<script type=\"text\/javascript\" src=\"https:\/\/assets.calendly.com\/assets\/external\/widget.js\" async><\/script>\r\n<!-- Calendly inline widget end -->\t\t\t\t<\/div>\n\t\t\t\t\t<\/div>\n\t\t<\/div>\n\t\t\t\t\t<\/div>\n\t\t<\/section>\n\t\t\t\t<\/div>","protected":false},"excerpt":{"rendered":"<p>For Anthem, Ambetter, Aetna quote requests: In order to provide you options for these providers, we will need to provide you a direct quote. Please reach out to us directly using any of the contact options below. Las Vegas 9505 Hillwood Dr, STE 100 Las Vegas, NV 89134 702.258.1995 service@nevadabenefits.com Monday \u2013 Fridays: 8am \u2013 [&hellip;]<\/p>\n","protected":false},"author":18,"featured_media":0,"parent":0,"menu_order":0,"comment_status":"closed","ping_status":"closed","template":"","meta":{"footnotes":"","_wp_rev_ctl_limit":""},"class_list":["post-2250","page","type-page","status-publish","hentry"],"_links":{"self":[{"href":"https:\/\/nevadabenefits.com\/es\/wp-json\/wp\/v2\/pages\/2250","targetHints":{"allow":["GET"]}}],"collection":[{"href":"https:\/\/nevadabenefits.com\/es\/wp-json\/wp\/v2\/pages"}],"about":[{"href":"https:\/\/nevadabenefits.com\/es\/wp-json\/wp\/v2\/types\/page"}],"author":[{"embeddable":true,"href":"https:\/\/nevadabenefits.com\/es\/wp-json\/wp\/v2\/users\/18"}],"replies":[{"embeddable":true,"href":"https:\/\/nevadabenefits.com\/es\/wp-json\/wp\/v2\/comments?post=2250"}],"version-history":[{"count":0,"href":"https:\/\/nevadabenefits.com\/es\/wp-json\/wp\/v2\/pages\/2250\/revisions"}],"wp:attachment":[{"href":"https:\/\/nevadabenefits.com\/es\/wp-json\/wp\/v2\/media?parent=2250"}],"curies":[{"name":"wp","href":"https:\/\/api.w.org\/{rel}","templated":true}]}}