{"id":6543,"date":"2026-03-23T03:18:47","date_gmt":"2026-03-23T10:18:47","guid":{"rendered":"https:\/\/nevadabenefits.com\/?page_id=6543"},"modified":"2026-03-23T03:18:48","modified_gmt":"2026-03-23T10:18:48","slug":"gracias-por-contactarnos","status":"publish","type":"page","link":"https:\/\/nevadabenefits.com\/es\/gracias-por-contactarnos\/","title":{"rendered":"Gracias por contactarnos. Uno de nuestros agentes se comunicar\u00e1 con usted pronto. Hemos recibido su solicitud de cotizaci\u00f3n y nos pondremos en contacto con usted en breve."},"content":{"rendered":"<blockquote class=\"wp-block-quote is-layout-flow wp-block-quote-is-layout-flow\">\n<p>Gracias por contactarnos. Uno de nuestros agentes se comunicar\u00e1 con usted pronto. Hemos recibido su solicitud de cotizaci\u00f3n y nos pondremos en contacto con usted en breve.<\/p>\n<\/blockquote>\n\n\n\n<blockquote class=\"wp-block-quote is-layout-flow wp-block-quote-is-layout-flow\">\n<p>Gracias por contactarnos. Uno de nuestros agentes se comunicar\u00e1 con usted pronto. Hemos recibido su solicitud de cotizaci\u00f3n y nos pondremos en contacto con usted en breve.<\/p>\n<\/blockquote>\n\n\n\n<blockquote class=\"wp-block-quote is-layout-flow wp-block-quote-is-layout-flow\">\n<p>Gracias por contactarnos. Uno de nuestros agentes se comunicar\u00e1 con usted pronto. Hemos recibido su solicitud de cotizaci\u00f3n y nos pondremos en contacto con usted en breve.<\/p>\n<\/blockquote>\n\n\n\n<blockquote class=\"wp-block-quote is-layout-flow wp-block-quote-is-layout-flow\">\n<p>Gracias por contactarnos. Uno de nuestros agentes se comunicar\u00e1 con usted pronto. Hemos recibido su solicitud de cotizaci\u00f3n y nos pondremos en contacto con usted en breve.<\/p>\n<\/blockquote>\n\n\n\n<blockquote class=\"wp-block-quote is-layout-flow wp-block-quote-is-layout-flow\">\n<p>Gracias por contactarnos. Uno de nuestros agentes se comunicar\u00e1 con usted pronto. Hemos recibido su solicitud de cotizaci\u00f3n y nos pondremos en contacto con usted en breve.<\/p>\n<\/blockquote>\n\n\n\n<blockquote class=\"wp-block-quote is-layout-flow wp-block-quote-is-layout-flow\">\n<p>Gracias por contactarnos. Uno de nuestros agentes se comunicar\u00e1 con usted pronto. Hemos recibido su solicitud de cotizaci\u00f3n y nos pondremos en contacto con usted en breve.<\/p>\n<\/blockquote>\n\n\n\n<h1 class=\"wp-block-heading\">We received your Quote Request. We will reach out soon!<\/h1>\n\n\n\n<p><\/p>","protected":false},"excerpt":{"rendered":"<p>Gracias por contactarnos. Uno de nuestros agentes se comunicar\u00e1 con usted pronto. Hemos recibido su solicitud de cotizaci\u00f3n y nos pondremos en contacto con usted en breve. Gracias por contactarnos. Uno de nuestros agentes se comunicar\u00e1 con usted pronto. Hemos recibido su solicitud de cotizaci\u00f3n y nos pondremos en contacto con usted en breve. Gracias [&hellip;]<\/p>\n","protected":false},"author":23,"featured_media":1913,"parent":0,"menu_order":0,"comment_status":"closed","ping_status":"closed","template":"","meta":{"footnotes":"","_wp_rev_ctl_limit":""},"class_list":["post-6543","page","type-page","status-publish","has-post-thumbnail","hentry"],"_links":{"self":[{"href":"https:\/\/nevadabenefits.com\/es\/wp-json\/wp\/v2\/pages\/6543","targetHints":{"allow":["GET"]}}],"collection":[{"href":"https:\/\/nevadabenefits.com\/es\/wp-json\/wp\/v2\/pages"}],"about":[{"href":"https:\/\/nevadabenefits.com\/es\/wp-json\/wp\/v2\/types\/page"}],"author":[{"embeddable":true,"href":"https:\/\/nevadabenefits.com\/es\/wp-json\/wp\/v2\/users\/23"}],"replies":[{"embeddable":true,"href":"https:\/\/nevadabenefits.com\/es\/wp-json\/wp\/v2\/comments?post=6543"}],"version-history":[{"count":1,"href":"https:\/\/nevadabenefits.com\/es\/wp-json\/wp\/v2\/pages\/6543\/revisions"}],"predecessor-version":[{"id":6544,"href":"https:\/\/nevadabenefits.com\/es\/wp-json\/wp\/v2\/pages\/6543\/revisions\/6544"}],"wp:featuredmedia":[{"embeddable":true,"href":"https:\/\/nevadabenefits.com\/es\/wp-json\/wp\/v2\/media\/1913"}],"wp:attachment":[{"href":"https:\/\/nevadabenefits.com\/es\/wp-json\/wp\/v2\/media?parent=6543"}],"curies":[{"name":"wp","href":"https:\/\/api.w.org\/{rel}","templated":true}]}}