{"id":866,"date":"2019-08-05T20:17:22","date_gmt":"2019-08-05T20:17:22","guid":{"rendered":"http:\/\/nevadabenefits.com\/?page_id=866"},"modified":"2021-10-05T17:03:21","modified_gmt":"2021-10-06T00:03:21","slug":"privacy-policy","status":"publish","type":"page","link":"https:\/\/nevadabenefits.com\/es\/privacy-policy\/","title":{"rendered":"pol\u00edtica de privacidad"},"content":{"rendered":"<div data-elementor-type=\"wp-page\" data-elementor-id=\"866\" class=\"elementor elementor-866\" data-elementor-post-type=\"page\">\n\t\t\t\t\t\t<section class=\"elementor-section elementor-top-section elementor-element elementor-element-5495dd72 elementor-section-boxed elementor-section-height-default elementor-section-height-default\" data-id=\"5495dd72\" data-element_type=\"section\" data-e-type=\"section\">\n\t\t\t\t\t\t<div class=\"elementor-container elementor-column-gap-default\">\n\t\t\t\t\t<div class=\"elementor-column elementor-col-100 elementor-top-column elementor-element elementor-element-6def85e0\" data-id=\"6def85e0\" data-element_type=\"column\" data-e-type=\"column\">\n\t\t\t<div class=\"elementor-widget-wrap elementor-element-populated\">\n\t\t\t\t\t\t<div class=\"elementor-element elementor-element-4aaab245 elementor-widget elementor-widget-text-editor\" data-id=\"4aaab245\" data-element_type=\"widget\" data-e-type=\"widget\" data-widget_type=\"text-editor.default\">\n\t\t\t\t\t\t\t\t\t\n<p><br><\/p>\n\n\n\n<p>En Nevada Benefits, nos comprometemos a proteger su privacidad como visitante de este sitio web y como cliente. Nevada Benefits es el propietario de la informaci\u00f3n recopilada en este sitio web. No venderemos, divulgaremos, intercambiaremos, transmitiremos, transferiremos, compartiremos, alquilaremos ni alquilaremos informaci\u00f3n personal identificable a ning\u00fan tercero que no est\u00e9 espec\u00edficamente autorizado por usted para recibirla, salvo que se lo hayamos informado en esta Pol\u00edtica de Privacidad.&nbsp;<br><\/p>\n\n\n\n<p><strong>Tipo de datos recopilados&nbsp;<\/strong><br><\/p>\n\n\n\n<p>Datos personales<br><\/p>\n\n\n\n<p>Al utilizar nuestro Servicio, podr\u00edamos solicitarle informaci\u00f3n personal identificable que pueda utilizarse para contactarle o identificarle. Esta informaci\u00f3n puede incluir, entre otros:&nbsp;<br><\/p>\n\n\n\n<ul class=\"wp-block-list\"><li>Nombre y apellido<\/li><li>Direcci\u00f3n de correo electr\u00f3nico<\/li><li>N\u00famero de tel\u00e9fono<\/li><li>Direcci\u00f3n postal o direcci\u00f3n f\u00edsica<\/li><li>Fechas de nacimiento<\/li><li>G\u00e9nero<\/li><li>Ingresos anuales aproximados del hogar<\/li><\/ul>\n\n\n\n<p>Cuando navegas<\/p>\n\n\n\n<p>Se puede recopilar cierta informaci\u00f3n sobre su visita al navegar por sitios web. Al navegar por Nevada Benefits, nuestros proveedores de servicios externos pueden recopilar los siguientes tipos de informaci\u00f3n sobre su visita, incluyendo:<\/p>\n\n\n\n<ul class=\"wp-block-list\"><li>Dominio (por ejemplo, comcast.com, si est\u00e1 utilizando una cuenta de Comcast) desde el que accedi\u00f3 a Internet<\/li><li>Direcci\u00f3n IP (una direcci\u00f3n IP o de protocolo de Internet es un n\u00famero que se asigna autom\u00e1ticamente a un dispositivo conectado a la web)<\/li><li>Ubicaci\u00f3n geogr\u00e1fica aproximada basada en la direcci\u00f3n IP del sistema local del usuario<\/li><li>Sistema operativo (que es el software que dirige las funciones b\u00e1sicas de una computadora, como ejecutar programas y administrar el almacenamiento) para el dispositivo que est\u00e1 utilizando e informaci\u00f3n sobre el navegador que utiliz\u00f3 al visitar el sitio<\/li><li>Fecha y hora de su visita<\/li><li>P\u00e1ginas que visitaste<\/li><li>Direcci\u00f3n del sitio web que lo conect\u00f3 a HealthCare.gov (como google.com o bing.com)<\/li><li>Tipo de dispositivo (computadora de escritorio, tableta o tipo de dispositivo m\u00f3vil)<\/li><li>Ubicaci\u00f3n geogr\u00e1fica<\/li><li>Tiempo dedicado a la p\u00e1gina<\/li><li>Profundidad de desplazamiento: la medida de qu\u00e9 parte de una p\u00e1gina web se vio<\/li><li>Eventos de usuario (por ejemplo, hacer clic en un bot\u00f3n)<\/li><\/ul>\n\n\n\n<p>Nuestras pr\u00e1cticas de comunicaci\u00f3n en l\u00ednea<\/p>\n\n\n\n<p>Podemos enviar boletines electr\u00f3nicos y otras comunicaciones, como comunicaciones de marketing, peri\u00f3dicamente a diversas personas y organizaciones. Tambi\u00e9n podemos enviar comunicaciones por correo electr\u00f3nico sobre temas como beneficios generales de salud, actualizaciones del sitio web, afecciones de salud y temas generales de salud. Le ofrecemos mecanismos de consentimiento adecuados, como la opci\u00f3n de darse de baja, seg\u00fan lo dispuesto en una comunicaci\u00f3n por correo electr\u00f3nico espec\u00edfica, o puede contactarnos.&nbsp;<\/p>\n\n\n\n<p><strong>Divulgaci\u00f3n de datos<\/strong><\/p>\n\n\n\n<p>Uso de datos<br><\/p>\n\n\n\n<p>Nevada Benefits utiliza los datos recopilados para diversos fines:<\/p>\n\n\n\n<ul class=\"wp-block-list\"><li>Para proporcionar y mantener el Servicio<\/li><li>Para notificarle sobre cambios en nuestro Servicio<\/li><li>Para permitirle participar en funciones interactivas de nuestro Servicio cuando elija hacerlo<\/li><li>Para brindar atenci\u00f3n y soporte al cliente<\/li><li>Para proporcionar an\u00e1lisis o informaci\u00f3n valiosa para que podamos mejorar el Servicio<\/li><li>Para monitorear el uso del Servicio<\/li><li>Para detectar, prevenir y abordar problemas t\u00e9cnicos<\/li><\/ul>\n\n\n\n<p>Anal\u00edtica<\/p>\n\n\n\n<p>Podemos utilizar proveedores de servicios externos para supervisar y analizar el uso de nuestro Servicio.<\/p>\n\n\n\n<ul class=\"wp-block-list\"><li><strong>Google Analytics <\/strong>Es un servicio de an\u00e1lisis web ofrecido por Google que rastrea e informa sobre el tr\u00e1fico del sitio web. Google utiliza los datos recopilados para rastrear y supervisar el uso de nuestro Servicio. Estos datos se comparten con otros servicios de Google. Google puede utilizar los datos recopilados para contextualizar y personalizar los anuncios de su propia red publicitaria.<br>Puede optar por que su actividad en el Servicio no est\u00e9 disponible para Google Analytics instalando el complemento de inhabilitaci\u00f3n para navegadores de Google Analytics. Este complemento impide que el c\u00f3digo JavaScript de Google Analytics (ga.js, analytics.js y dc.js) comparta informaci\u00f3n sobre la actividad de las visitas con Google Analytics.<br>Para obtener m\u00e1s informaci\u00f3n sobre las pr\u00e1cticas de privacidad de Google, visite la p\u00e1gina web de Privacidad y Condiciones de Google: <a href=\"https:\/\/policies.google.com\/privacy?hl=en\" target=\"_blank\" rel=\"noopener\">https:\/\/policies.google.com\/privacy?hl=en<\/a><\/li><\/ul>\n\n\n\n<p>Enlaces de terceros<\/p>\n\n\n\n<p>Este sitio web puede contener enlaces a sitios web de terceros que no est\u00e1n controlados por Nevada Benefits. Estos enlaces de terceros se ponen a su disposici\u00f3n para su comodidad y usted acepta usarlos bajo su propio riesgo. Tenga en cuenta que Nevada Benefits no se responsabiliza del contenido de sitios web de terceros enlazados a Nevada Benefits ni de las pol\u00edticas o pr\u00e1cticas de privacidad de dichos sitios web. Nuestra Pol\u00edtica de Privacidad solo se aplica a la informaci\u00f3n que recopilamos de usted mientras se encuentra en una sesi\u00f3n activa con Nevada Benefits. Si accede a un sitio web de terceros desde Nevada Benefits, le recomendamos encarecidamente que revise y se familiarice con la pol\u00edtica de privacidad de dicho sitio web.<\/p>\n\n\n\n<p>Cambios a esta Pol\u00edtica de Privacidad<br><\/p>\n\n\n\n<p>Podemos actualizar nuestra Pol\u00edtica de Privacidad ocasionalmente. Le notificaremos cualquier cambio publicando la nueva Pol\u00edtica de Privacidad en esta p\u00e1gina. Le informaremos por correo electr\u00f3nico o mediante un aviso destacado en nuestro Servicio antes de que el cambio entre en vigor y actualizaremos la &quot;fecha de entrada en vigor&quot; en la parte superior de esta Pol\u00edtica de Privacidad. Le recomendamos revisar esta Pol\u00edtica de Privacidad peri\u00f3dicamente para estar al tanto de cualquier cambio. Los cambios a esta Pol\u00edtica de Privacidad entran en vigor en el momento de su publicaci\u00f3n en esta p\u00e1gina.<\/p>\n\n\n\n<p>Fecha de entrada en vigor<\/p>\n\n\n\n<p>La fecha de vigencia de esta pol\u00edtica es el 1 de agosto de 2019.&nbsp;<\/p>\n\n\n\n<p>Cont\u00e1ctenos<\/p>\n\n\n\n<p>Si tiene alguna pregunta sobre esta Pol\u00edtica de privacidad, cont\u00e1ctenos:<\/p>\n\n\n\n<ul class=\"wp-block-list\"><li>Por correo electr\u00f3nico: service@nevadabenefits.com<\/li><li>Por n\u00famero de tel\u00e9fono: (702)258-1995<\/li><li>Por correo: Beneficios de Nevada 9505 Hillwood Dr. Ste 100 Las Vegas, NV 89134<\/li><\/ul>\n\t\t\t\t\t\t\t\t<\/div>\n\t\t\t\t\t<\/div>\n\t\t<\/div>\n\t\t\t\t\t<\/div>\n\t\t<\/section>\n\t\t\t\t<\/div>","protected":false},"excerpt":{"rendered":"<p>At Nevada Benefits, we are committed to protecting your privacy as a visitor to this website and as our customer. Nevada Benefits is the owner of the information which is collected on this website. We will not sell, disseminate, disclose, trade, transmit, transfer, share, lease or rent any personally identifiable information to any third party [&hellip;]<\/p>\n","protected":false},"author":18,"featured_media":0,"parent":0,"menu_order":0,"comment_status":"closed","ping_status":"closed","template":"","meta":{"footnotes":"","_wp_rev_ctl_limit":""},"class_list":["post-866","page","type-page","status-publish","hentry"],"_links":{"self":[{"href":"https:\/\/nevadabenefits.com\/es\/wp-json\/wp\/v2\/pages\/866","targetHints":{"allow":["GET"]}}],"collection":[{"href":"https:\/\/nevadabenefits.com\/es\/wp-json\/wp\/v2\/pages"}],"about":[{"href":"https:\/\/nevadabenefits.com\/es\/wp-json\/wp\/v2\/types\/page"}],"author":[{"embeddable":true,"href":"https:\/\/nevadabenefits.com\/es\/wp-json\/wp\/v2\/users\/18"}],"replies":[{"embeddable":true,"href":"https:\/\/nevadabenefits.com\/es\/wp-json\/wp\/v2\/comments?post=866"}],"version-history":[{"count":0,"href":"https:\/\/nevadabenefits.com\/es\/wp-json\/wp\/v2\/pages\/866\/revisions"}],"wp:attachment":[{"href":"https:\/\/nevadabenefits.com\/es\/wp-json\/wp\/v2\/media?parent=866"}],"curies":[{"name":"wp","href":"https:\/\/api.w.org\/{rel}","templated":true}]}}